{"id":9093,"date":"2024-05-28T20:07:35","date_gmt":"2024-05-28T18:07:35","guid":{"rendered":"https:\/\/free.ac-glavan.si\/datenschutzrichtlinie\/"},"modified":"2024-05-28T20:07:36","modified_gmt":"2024-05-28T18:07:36","slug":"datenschutzrichtlinie","status":"publish","type":"page","link":"https:\/\/free.ac-glavan.si\/de\/datenschutzrichtlinie\/","title":{"rendered":"Datenschutzrichtlinie"},"content":{"rendered":"<p>[vc_row][vc_column][vc_column_text]<strong>Datenschutzerkl\u00e4rung<\/strong><\/p>\n<p>Die Datenschutzerkl\u00e4rung regelt die Erhebung, Speicherung und Verarbeitung personenbezogener Daten, die erhoben werden, wenn Sie unsere Website besuchen, das Kontaktformular auf der Website ausf\u00fcllen oder Es wird empfohlen, den Namen eines Anf\u00e4ngers (Neuling, Anf\u00e4nger, Anf\u00e4nger, Anf\u00e4nger oder Hundebesitzer) zu w\u00e4hlen.<\/p>\n<p>&nbsp;<\/p>\n<p><strong>Administrator<\/strong><\/p>\n<p>(Im Sinne der EU-Datenschutz-Grundverordnung (DSGVO) und der geltenden Gesetzgebung zum Schutz personenbezogener Daten):<\/p>\n<p>AC Glavan, d.o.o.<\/p>\n<p>Gaji 45, 3000 Celje<\/p>\n<p>03 5415 199<\/p>\n<p><a title=\"info@ac-glavan.si\" href=\"mailto:info@ac-glavan.si\">info@ac-glavan.si<\/a><\/p>\n<p>Der Verantwortliche respektiert Ihre Privatsph\u00e4re und verpflichtet sich, personenbezogene Daten sorgf\u00e4ltig und im Einklang mit den geltenden Vorschriften zum Schutz personenbezogener Daten zu erheben, zu speichern und zu verarbeiten. Da ich nicht wei\u00df, was ich meine, wenn ich sie brauche, werde ich mich um sie k\u00fcmmern, sie muss mir helfen, meine Privatslite zu sch\u00fctzen.<\/p>\n<p>&nbsp;<\/p>\n<p><strong>Einwilligung zum Schutz und zur Verarbeitung personenbezogener Daten<\/strong><\/p>\n<p><strong>Personenbezogene Daten und Zweck der Verarbeitung<\/strong><\/p>\n<p>Das erste Mal, dass das System die E-Mail-Adresse (T. i. Opt-in) eingibt, ist, dass ich ein elektronisches Ger\u00e4t habe, das nicht funktioniert, da ich kein elektronisches Ger\u00e4t brauche (gem\u00e4\u00df der EU-Grundverordnung). zum Schutz personenbezogener Daten (DSGVO).<\/p>\n<p>&nbsp;<\/p>\n<p><strong>KONTAKTFORMULAR<\/strong><\/p>\n<p>Ich wei\u00df nicht, ob ich auf der anderen Seite Kontakt aufnehmen m\u00f6chte oder nicht, weil ich mich in meiner Wohnung wohlgef\u00fchlt habe. Sie m\u00fcssen wissen, dass die Medikamente nicht in Anspruch genommen werden k\u00f6nnen, da sie nicht in der Lage sind, dies zu tun. Bevor wir das Kontrollk\u00e4stchen aktivieren, ben\u00f6tigen wir Ihre ausdr\u00fcckliche Zustimmung, um unseren Datenschutzbestimmungen zuzustimmen.<\/p>\n<p>&nbsp;<\/p>\n<p><strong>E-NEWS<\/strong><\/p>\n<p>Im Grunde genommen ist die Elite f\u00fcr den Unterricht elektronischer Berufe (E-Anf\u00e4nger, Anf\u00e4nger, Anf\u00e4nger, Anf\u00e4nger oder Profis) oder die Privatperson muss sich auf eine bestimmte Art und Weise bewerben.<\/p>\n<p>Mit dem Ausf\u00fcllen und Best\u00e4tigen des Online-Formulars \u00fcbermitteln Sie dem Verantwortlichen folgende Kontaktinformationen:<br \/>\n\u2022 Name<br \/>\n\u2022 Nachname<br \/>\n\u2022 E-Mail-Adresse<br \/>\n\u2022 Telefonnummer<\/p>\n<p>Sie k\u00f6nnen mich kontaktieren, ich m\u00f6chte Ihnen ein paar Fragen stellen, Sie k\u00f6nnen mir einen neuen Namen oder ein neues pers\u00f6nliches Ziel hinzuf\u00fcgen (Sie k\u00f6nnen es auf Facebook-Plattformen, AdWords usw. verwenden) und Sie werden nicht sicher sein, was Sie tun M\u00fcssen.<\/p>\n<p>Damit Ihr Unternehmen nicht mehr funktioniert, m\u00fcssen Sie auf den gew\u00fcnschten Dienst klicken. Es ist nicht einfach, ein Glas zu kaufen, aber es ist sicherer, da es sich um elektronische Ger\u00e4te handelt. Im Grunde genommen ist es noch nicht so, dass Sie sich fragen, ob Sie etwas wissen oder nicht. Weitere Informationen erhalten Sie, wenn Sie nicht wissen, was Sie tun m\u00fcssen.<\/p>\n<p>&nbsp;<\/p>\n<p><strong>Zeitraum der Speicherung personenbezogener Daten<\/strong><\/p>\n<p>Wenn Sie sich die Zeit genommen haben, m\u00fcssen Sie sich die Frage stellen, ob Sie einen bestimmten Namen erhalten haben. Bitte beachten Sie, dass Sie keine Privilegien erhalten, wir werden Ihnen die M\u00f6glichkeit geben, dies zu tun. Im Grunde genommen ist die H\u00f6he der Zeit noch h\u00f6her als die H\u00f6he der Kosten, die H\u00f6he der Kosten kann steigen, wenn die Kosten gesenkt werden.<\/p>\n<p>&nbsp;<\/p>\n<p><strong>COOKIES<\/strong><\/p>\n<p>Wenn Sie die meiste Zeit bis zum n\u00e4chsten Tag verrichten, m\u00fcssen Sie sich die Zeit nehmen, die Sie brauchen, um sich auf der anderen Seite der Stadt zurechtzufinden, bevor Sie ein neues Leben beginnen. Die Datenerfassung ist sehr hoch und die Anzahl der Teilmengen liegt auf der Disku-Va\u0161e-Kunulonnik. Ich habe den Namen \u201eIt&#8217;s a cookie\u201c, \u201eDanke, dass ich meine Familie mit Medikamenten \u00fcberh\u00e4uft habe, damit ich mich auf eine bestimmte Art und Weise konzentrieren kann, bis ich sie kenne.\u201c Websites. Standardm\u00e4\u00dfiger Standard-Brandschutz. In der Regel ist es nicht m\u00f6glich, mit der Zeit zu beginnen, die n\u00e4chsten Schritte zu unterschreiten, da wir nur wenige Schritte unternehmen m\u00fcssen, und dann an alle anderen Orte zu verkaufen, an denen wir uns mit unseren Partnern unterhalten. Wenn Sie den Tod getan haben, m\u00fcssen Sie wissen, dass Sie mit der Zeit nichts beginnen k\u00f6nnen. Wir verwenden Cookies ausschlie\u00dflich zu dem Zweck, das Erlebnis einzelner Besucher oder Nutzer zu verbessern.<\/p>\n<p>In der n\u00e4chsten Zeit m\u00fcssen Sie sich die Zeit nehmen, die Sie ben\u00f6tigen, um die meiste Zeit in Ihrer N\u00e4he zu versch\u00f6nern. Sie haben die Aufgabe, die meiste Zeit zu analysieren, bevor Sie Ihren Mitarbeitern mitteilen, welche Breite und H\u00f6he Ihr Browser verwendet. Dar\u00fcber hinaus erhielt er folgende Informationen: \u201eWenn Sie Ihre Meinung \u00e4ndern, m\u00fcssen Sie die IP-Adresse \u00e4ndern, die Sie nettingen, um die IP-Adresse zu \u00e4ndern, die Sie nettingen, um die IP-Adresse zu \u00e4ndern, die Sie.\u201c nettingen Es ist wichtig, dass Sie Ihre Statistiken der letzten Woche lesen.<\/p>\n<p>&nbsp;<\/p>\n<p><strong>ARTEN VON COOKIES, DIE AUF DIESER WEBSITE VERWENDET WERDEN<\/strong><\/p>\n<ol>\n<li>Notwendige Cookies<\/li>\n<\/ol>\n<p>Um die erforderlichen Komponenten zu erhalten, m\u00fcssen Sie die erforderliche Menge verwenden. Bitte beachten Sie, dass die wichtigsten Dienstleistungen, die Ihre Elite auf der ganzen Welt nutzen muss, nicht in der Lage sind (noch bevorzuge, Sicherheit&#8230;).<\/p>\n<ol start=\"2\">\n<li><strong>Erfahrungscookies<\/strong><\/li>\n<\/ol>\n<p>Um sicherzustellen, dass die erforderlichen Komponenten nicht verbraucht werden, m\u00fcssen Sie die erforderliche Menge und zus\u00e4tzliche Komponenten verwenden (z. B. wenn Sie die erforderlichen Komponenten verwenden &#8230;). Sie m\u00fcssen keine Informationen bereitstellen, um Gesch\u00e4fte zu machen, damit Sie alle Informationen erhalten.<\/p>\n<ol start=\"3\">\n<li><strong>Funktionale Cookies<\/strong><\/li>\n<\/ol>\n<p>Zu den wichtigsten Seungurschnittigkeiten geh\u00f6ren mehrere Stra\u00dfen, in denen Sie Ihren Aufenthalt in der Stadt (Zeit, Land, Region&#8230;) in der Stadt verrichnen und die Funktionen nutzen k\u00f6nnen. Alle wichtigen Informationen finden Sie auf Ihrer Website.<\/p>\n<ol start=\"4\">\n<li><strong>Werbe- oder Targeting-Cookies<\/strong><\/li>\n<\/ol>\n<p>Damit Ihr Kind auf der anderen Seite eine Stimme hat, ist es wichtig, dass Sie eine Stimme haben. Diese Arten von Cookies k\u00f6nnen die Verfolgung Ihrer Online-Aktionen erm\u00f6glichen.<\/p>\n<p>&nbsp;<\/p>\n<p><strong>Vorteile von Cookies<\/strong><\/p>\n<p>Wenn Sie sich in der Stadt aufhalten, m\u00fcssen Sie sich die M\u00fche machen, sie zu verwenden, damit Sie nicht aufh\u00f6ren m\u00fcssen, etwas zu sagen, und dann auf die n\u00e4chste Seite in die Zukunft zu gehen, um Ihr Interesse an der Zukunft zu wecken. Keines der von uns auf unseren Websites verwendeten Cookies erhebt Daten, mit caterim w\u00e4re es m\u00f6glich, Sie pers\u00f6nlich zu identifizieren. Nachfolgend finden Sie eine Tabelle, in der die wichtigsten von unseren Websites verwendeten Cookies aufgef\u00fchrt sind und deren Zweck erl\u00e4utert wird.<\/p>\n<table width=\"100%\">\n<tbody>\n<tr>\n<td width=\"120\">Cookie-Quelle<\/td>\n<td width=\"72\">Cookie-Name<\/td>\n<td width=\"120\">Zweck<\/td>\n<td width=\"104\">Dauer<\/td>\n<td width=\"104\">Weitergabe an Dritte<\/td>\n<\/tr>\n<tr>\n<td width=\"120\">Google Analytics<\/td>\n<td width=\"72\">_utma<\/td>\n<td width=\"120\">Beachtet die Unterscheidung zwischen Benutzern und Sitzungen<\/td>\n<td width=\"104\">2 Jahre<\/td>\n<td width=\"104\">Nein<\/td>\n<\/tr>\n<tr>\n<td width=\"120\">Google Analytics<\/td>\n<td width=\"72\">_utmb<\/td>\n<td width=\"120\">Neue Sitzung oder neuen Benutzer protokollieren<\/td>\n<td width=\"104\">30 Minuten<\/td>\n<td width=\"104\">Nein<\/td>\n<\/tr>\n<tr>\n<td width=\"120\">Google Analytics<\/td>\n<td width=\"72\">_utmc<\/td>\n<td width=\"120\">Erfassen Sie die Dauer des Besuchs<\/td>\n<td width=\"104\">Sitzungsdauer<\/td>\n<td width=\"104\">Nein<\/td>\n<\/tr>\n<tr>\n<td width=\"120\">Google Analytics<\/td>\n<td width=\"72\">_utmz<\/td>\n<td width=\"120\">Gibt eine Traffic-Quelle oder Kampagne an<\/td>\n<td width=\"104\">6 Monate<\/td>\n<td width=\"104\">Nein<\/td>\n<\/tr>\n<\/tbody>\n<\/table>\n<p>&nbsp;<\/p>\n<p><strong>Cookie-Speicherdauer<\/strong><\/p>\n<p>Das h\u00e4ngt von der Art der Cookies ab. Sitzungscookies verfallen, wenn Sie Ihren Webbrowser schlie\u00dfen. Die einzelnen Schritte k\u00f6nnen erst ausgef\u00fchrt werden, wenn die Zeit bis zur letzten Minute erreicht ist.<\/p>\n<p>&nbsp;<\/p>\n<p><strong>Cookies verwalten und l\u00f6schen<\/strong><\/p>\n<p>Um diese Zeit zu verk\u00fcrzen, m\u00fcssen Sie sich die Zeit nehmen, die Sie nutzen, um Ihr Mobilger\u00e4t zu mobilisieren.<\/p>\n<p>Die Elite hat sich dazu entschlossen, die B\u00fcrger in die Stadt zu schicken, wo sie alle ihre Kinder bel\u00e4stigt haben und sich auf die Suche nach einem neuen Arbeitgeber gemacht haben. Die Vorgehensweise zum Verwalten und L\u00f6schen von Cookies variiert je nach verwendetem Browser. Dies ist der Grund daf\u00fcr, dass Sie Ihre Lieblings-Br\u00f6tchen speichern m\u00fcssen, aber auch die Funktionsf\u00e4higkeit der Kekse auf http:\/\/www.aboutcookies.org ehlenchen und die Kseke auf den Keksen streuen die Sie in den Keksen der Kekse finden.<\/p>\n<p>&nbsp;[\/vc_column_text][\/vc_column][\/vc_row]<\/p>\n","protected":false},"excerpt":{"rendered":"<p>[vc_row][vc_column][vc_column_text]Datenschutzerkl\u00e4rung Die Datenschutzerkl\u00e4rung regelt die Erhebung, Speicherung und Verarbeitung personenbezogener Daten, die erhoben werden, wenn Sie unsere Website besuchen, das Kontaktformular auf der Website ausf\u00fcllen oder Es wird empfohlen, den Namen eines Anf\u00e4ngers (Neuling, Anf\u00e4nger, Anf\u00e4nger, Anf\u00e4nger oder Hundebesitzer) zu w\u00e4hlen. &nbsp; Administrator (Im Sinne der EU-Datenschutz-Grundverordnung (DSGVO) und der geltenden Gesetzgebung zum Schutz personenbezogener [&hellip;]<\/p>\n","protected":false},"author":1,"featured_media":0,"parent":0,"menu_order":0,"comment_status":"closed","ping_status":"closed","template":"","meta":{"_acf_changed":false,"footnotes":""},"class_list":["post-9093","page","type-page","status-publish","hentry"],"acf":[],"aioseo_notices":[],"_links":{"self":[{"href":"https:\/\/free.ac-glavan.si\/de\/wp-json\/wp\/v2\/pages\/9093","targetHints":{"allow":["GET"]}}],"collection":[{"href":"https:\/\/free.ac-glavan.si\/de\/wp-json\/wp\/v2\/pages"}],"about":[{"href":"https:\/\/free.ac-glavan.si\/de\/wp-json\/wp\/v2\/types\/page"}],"author":[{"embeddable":true,"href":"https:\/\/free.ac-glavan.si\/de\/wp-json\/wp\/v2\/users\/1"}],"replies":[{"embeddable":true,"href":"https:\/\/free.ac-glavan.si\/de\/wp-json\/wp\/v2\/comments?post=9093"}],"version-history":[{"count":2,"href":"https:\/\/free.ac-glavan.si\/de\/wp-json\/wp\/v2\/pages\/9093\/revisions"}],"predecessor-version":[{"id":9095,"href":"https:\/\/free.ac-glavan.si\/de\/wp-json\/wp\/v2\/pages\/9093\/revisions\/9095"}],"wp:attachment":[{"href":"https:\/\/free.ac-glavan.si\/de\/wp-json\/wp\/v2\/media?parent=9093"}],"curies":[{"name":"wp","href":"https:\/\/api.w.org\/{rel}","templated":true}]}}