{"id":9041,"date":"2024-05-28T18:18:57","date_gmt":"2024-05-28T16:18:57","guid":{"rendered":"https:\/\/free.ac-glavan.si\/service\/"},"modified":"2024-05-29T15:19:20","modified_gmt":"2024-05-29T13:19:20","slug":"service","status":"publish","type":"page","link":"https:\/\/free.ac-glavan.si\/de\/service\/","title":{"rendered":"Service"},"content":{"rendered":"<p>[vc_row full_width=&#8220;stretch_row&#8220; css=&#8220;.vc_custom_1589977716061{padding-top: 40px !important;background-color: #f9fafb !important;}&#8220;][vc_column][vc_row_inner][vc_column_inner width=&#8220;1\/2&#8243;][vc_column_text]<\/p>\n<h3>Service f\u00fcr Ihr Wohnmobil<\/h3>\n<p><strong>Der spezialisierteste Service f\u00fcr Wohnmobile und Wohnmobile in Slowenien<\/strong><\/p>\n<p>Ein Service f\u00fcr ein Wohnmobil ist immer notwendig \u2013 unabh\u00e4ngig vom Preis, der robusten Bauweise oder der Haltbarkeit des Wohnmobils. Neue Orte mit dem Wohnmobil zu entdecken ist eine der aufregendsten, einzigartigsten und entspannendsten Arten des Reisens. Aber nur, wenn es unterwegs nicht kaputt geht. Um maximale Sicherheit zu gew\u00e4hrleisten, muss es regelm\u00e4\u00dfig gewartet werden. Viele Leute denken, dass neue Wohnmobile mit geringer Kilometerleistung keinen Service ben\u00f6tigen, aber das ist leider nicht der Fall.<\/p>\n<p>Durch unsere fachlich qualifizierten und erfahrenen Servicetechniker, die sich regelm\u00e4\u00dfig weiterbilden und weiterbilden, kann ein qualitativ hochwertiger Service gew\u00e4hrleistet werden. In unserer Reparaturwerkstatt bieten wir Ihnen:<\/p>\n<div>\n<div>\n<ul>\n<li>regelm\u00e4\u00dfiger Service f\u00fcr ein Wohnmobil oder Campingbus,<\/li>\n<li>vorbeugende und Wartungskontrollen,<\/li>\n<li>Installation zus\u00e4tzlicher Ger\u00e4te,<\/li>\n<li>verschiedene Reparaturen von Wohnh\u00e4usern,<\/li>\n<li>H\u00e4ndewaschen und Polieren,<\/li>\n<li>sonstige Wartungsarbeiten.<\/li>\n<\/ul>\n<p>Es ist von entscheidender Bedeutung, das Fahrzeug in einem guten fahrbereiten Zustand zu halten. Vor allem, wenn Sie einen l\u00e4ngeren Urlaub machen. Niemand m\u00f6chte seinen Urlaub mit der Sorge verbringen, dass der Camper technisch nicht perfekt ist und schon gar nicht, dass das Fahrzeug in einem anderen Land eine Panne hat. Nur durch einen Besuch im Servicecenter k\u00f6nnen Sie eine entspannte und ruhige Fahrt gew\u00e4hrleisten. Als professioneller Partner im Bereich Caravaning und Vertragsreparaturen f\u00fcr die Versicherungen <strong>Sava, Triglav und Generali <\/strong>\u00a0konnen wir Ihnen umfassende Dienstleistungen anbieten.<\/p>\n<p>Der Wohnmobilservice erfolgt nach h\u00f6chsten Qualit\u00e4tsstandards, da alle Ersatzteile original sind. Selbstverst\u00e4ndlich reparieren wir auch Ferienh\u00e4user anderer Marken problemlos.<\/p><\/div>\n<\/div>\n<p>[\/vc_column_text][vc_gallery type=&#8220;flexslider_slide&#8220; interval=&#8220;3&#8243; images=&#8220;8065,8059,8062,8071&#8243;][\/vc_column_inner][vc_column_inner width=&#8220;1\/2&#8243;][vc_column_text]<\/p>\n<h3>Sie ben\u00f6tigen eine Wartung Ihres Wohnmobils? Kontaktieren Sie uns \u00fcber das untenstehende Formular oder rufen Sie uns an unter\u00a0<a href=\"tel: 035415199\">03 5415 199<\/a><\/h3>\n<p>[\/vc_column_text]\n<div class=\"wpcf7 no-js\" id=\"wpcf7-f9121-o1\" lang=\"sl-SI\" dir=\"ltr\" data-wpcf7-id=\"9121\">\n<div class=\"screen-reader-response\"><p role=\"status\" aria-live=\"polite\" aria-atomic=\"true\"><\/p> <ul><\/ul><\/div>\n<form action=\"\/de\/wp-json\/wp\/v2\/pages\/9041#wpcf7-f9121-o1\" method=\"post\" class=\"wpcf7-form init\" aria-label=\"Contact form\" novalidate=\"novalidate\" data-status=\"init\">\n<div style=\"display: none;\">\n<input type=\"hidden\" name=\"_wpcf7\" value=\"9121\" \/>\n<input type=\"hidden\" name=\"_wpcf7_version\" value=\"6.0.5\" \/>\n<input type=\"hidden\" name=\"_wpcf7_locale\" value=\"sl_SI\" \/>\n<input type=\"hidden\" name=\"_wpcf7_unit_tag\" value=\"wpcf7-f9121-o1\" \/>\n<input type=\"hidden\" name=\"_wpcf7_container_post\" value=\"0\" \/>\n<input type=\"hidden\" name=\"_wpcf7_posted_data_hash\" value=\"\" \/>\n<\/div>\n<p><label> Ihr Name (required)<br \/>\n<span class=\"wpcf7-form-control-wrap\" data-name=\"your-name\"><input size=\"40\" maxlength=\"400\" class=\"wpcf7-form-control wpcf7-text wpcf7-validates-as-required\" aria-required=\"true\" aria-invalid=\"false\" value=\"\" type=\"text\" name=\"your-name\" \/><\/span> <\/label>\n<\/p>\n<p><label> Deine E-Mail (required)<br \/>\n<span class=\"wpcf7-form-control-wrap\" data-name=\"your-email\"><input size=\"40\" maxlength=\"400\" class=\"wpcf7-form-control wpcf7-email wpcf7-validates-as-required wpcf7-text wpcf7-validates-as-email\" aria-required=\"true\" aria-invalid=\"false\" value=\"\" type=\"email\" name=\"your-email\" \/><\/span> <\/label>\n<\/p>\n<p><label> Ihre Nachricht<br \/>\n<span class=\"wpcf7-form-control-wrap\" data-name=\"your-message\"><textarea cols=\"40\" rows=\"10\" maxlength=\"2000\" class=\"wpcf7-form-control wpcf7-textarea\" aria-invalid=\"false\" name=\"your-message\"><\/textarea><\/span> <\/label>\n<\/p>\n<p><label><span class=\"wpcf7-form-control-wrap\" data-name=\"your-acceptance\"><span class=\"wpcf7-form-control wpcf7-acceptance\"><span class=\"wpcf7-list-item\"><label><input type=\"checkbox\" name=\"your-acceptance\" value=\"1\" aria-invalid=\"false\" \/><span class=\"wpcf7-list-item-label\">Ich stimme mit der <a target=\"_blank\" href=\"..\/privacy-policy\/\">Datenschutzrichtlinie<\/a>.<\/span><\/label><\/span><\/span><\/span><\/label>\n<\/p>\n<p><input class=\"wpcf7-form-control wpcf7-submit has-spinner\" type=\"submit\" value=\"Senden\" \/>\n<\/p><div class=\"wpcf7-response-output\" aria-hidden=\"true\"><\/div>\n<\/form>\n<\/div>\n[\/vc_column_inner][\/vc_row_inner][vc_row_inner disable_element=&#8220;yes&#8220;][vc_column_inner width=&#8220;1\/2&#8243;][vc_column_text]<\/p>\n<h3>Service f\u00fcr Ihr Wohnmobil<\/h3>\n<p>Mit professionellen und erfahrenen Servicetechnikern, die sich dar\u00fcber hinaus regelm\u00e4\u00dfig weiterbilden und weiterbilden, garantieren wir Zufriedenheit und Qualit\u00e4t bei der Nutzung unserer Serviceleistungen. In unserer Reparaturwerkstatt bieten wir Ihnen:<\/p>\n<div>\n<ul>\n<li>regelm\u00e4\u00dfiger Wohnmobilservice,<\/li>\n<li>vorbeugende Inspektionen von Wohnmobilen,<\/li>\n<li>diverse Reparaturen von Wohnmobilen,<\/li>\n<li>Installation zus\u00e4tzlicher Ger\u00e4te,<\/li>\n<li>manuelles Waschen und Polieren von Wohnmobilen,<\/li>\n<li>und andere verwandte Werke.<\/li>\n<\/ul>\n<p>Wir sind Vertragsdienstleister f\u00fcr die Versicherungsgesellschaften SAVA, TRIGLAV und GENERALI.<\/p><\/div>\n<p>[\/vc_column_text][vc_gallery type=&#8220;flexslider_slide&#8220; interval=&#8220;3&#8243; images=&#8220;8065,8059,8062,8071&#8243;][\/vc_column_inner][vc_column_inner width=&#8220;1\/2&#8243;][vc_column_text]<\/p>\n<h3>Sie ben\u00f6tigen eine Wartung Ihres Wohnmobils? Kontaktieren Sie uns \u00fcber das untenstehende Formular oder rufen Sie uns an unter\u00a0<a href=\"tel: 035415199\">03 5415 199<\/a><\/h3>\n<p>[\/vc_column_text]\n<div class=\"wpcf7 no-js\" id=\"wpcf7-f8337-o2\" lang=\"en-US\" dir=\"ltr\" data-wpcf7-id=\"8337\">\n<div class=\"screen-reader-response\"><p role=\"status\" aria-live=\"polite\" aria-atomic=\"true\"><\/p> <ul><\/ul><\/div>\n<form action=\"\/de\/wp-json\/wp\/v2\/pages\/9041#wpcf7-f8337-o2\" method=\"post\" class=\"wpcf7-form init\" aria-label=\"Contact form\" novalidate=\"novalidate\" data-status=\"init\">\n<div style=\"display: none;\">\n<input type=\"hidden\" name=\"_wpcf7\" value=\"8337\" \/>\n<input type=\"hidden\" name=\"_wpcf7_version\" value=\"6.0.5\" \/>\n<input type=\"hidden\" name=\"_wpcf7_locale\" value=\"en_US\" \/>\n<input type=\"hidden\" name=\"_wpcf7_unit_tag\" value=\"wpcf7-f8337-o2\" \/>\n<input type=\"hidden\" name=\"_wpcf7_container_post\" value=\"0\" \/>\n<input type=\"hidden\" name=\"_wpcf7_posted_data_hash\" value=\"\" \/>\n<\/div>\n<p><label> Your name*<br \/>\n<span class=\"wpcf7-form-control-wrap\" data-name=\"your-name\"><input size=\"40\" maxlength=\"400\" class=\"wpcf7-form-control wpcf7-text wpcf7-validates-as-required\" aria-required=\"true\" aria-invalid=\"false\" value=\"\" type=\"text\" name=\"your-name\" \/><\/span> <\/label>\n<\/p>\n<p><label> Your E-mail*<br \/>\n<span class=\"wpcf7-form-control-wrap\" data-name=\"your-email\"><input size=\"40\" maxlength=\"400\" class=\"wpcf7-form-control wpcf7-email wpcf7-validates-as-required wpcf7-text wpcf7-validates-as-email\" aria-required=\"true\" aria-invalid=\"false\" value=\"\" type=\"email\" name=\"your-email\" \/><\/span> <\/label>\n<\/p>\n<p><label> Your phone number<br \/>\n<span class=\"wpcf7-form-control-wrap\" data-name=\"your_tel\"><input size=\"40\" maxlength=\"400\" class=\"wpcf7-form-control wpcf7-tel wpcf7-text wpcf7-validates-as-tel\" aria-invalid=\"false\" value=\"\" type=\"tel\" name=\"your_tel\" \/><\/span> <\/label>\n<\/p>\n<p><label> Subject*<br \/>\n<span class=\"wpcf7-form-control-wrap\" data-name=\"your-subject\"><input size=\"40\" maxlength=\"400\" class=\"wpcf7-form-control wpcf7-text\" aria-invalid=\"false\" value=\"\" type=\"text\" name=\"your-subject\" \/><\/span> <\/label>\n<\/p>\n<p><label> Message*<br \/>\n<span class=\"wpcf7-form-control-wrap\" data-name=\"your-message\"><textarea cols=\"40\" rows=\"10\" maxlength=\"2000\" class=\"wpcf7-form-control wpcf7-textarea\" aria-invalid=\"false\" name=\"your-message\"><\/textarea><\/span> <\/label>\n<\/p>\n<p><label><span class=\"wpcf7-form-control-wrap\" data-name=\"your-acceptance\"><span class=\"wpcf7-form-control wpcf7-acceptance\"><span class=\"wpcf7-list-item\"><label><input type=\"checkbox\" name=\"your-acceptance\" value=\"1\" aria-invalid=\"false\" \/><span class=\"wpcf7-list-item-label\">I agree with <a target=\"_blank\" href=\"..\/privacy-policy\/\">Privacy policy<\/a>.<\/span><\/label><\/span><\/span><\/span><\/label>\n<\/p>\n<p><input class=\"wpcf7-form-control wpcf7-submit has-spinner\" type=\"submit\" value=\"Send\" \/>\n<\/p><div class=\"wpcf7-response-output\" aria-hidden=\"true\"><\/div>\n<\/form>\n<\/div>\n[\/vc_column_inner][\/vc_row_inner][\/vc_column][\/vc_row][vc_row][vc_column][vc_empty_space height=&#8220;50px&#8220;][\/vc_column][\/vc_row][vc_row][vc_column][vc_column_text]<\/p>\n<h3 style=\"text-align: center;\">NASLOV<\/h3>\n<p>[\/vc_column_text][vc_row_inner equal_height=&#8220;yes&#8220; content_placement=&#8220;middle&#8220;][vc_column_inner][vc_raw_html]PGlmcmFtZSBzcmM9Imh0dHBzOi8vd3d3Lmdvb2dsZS5jb20vbWFwcy9lbWJlZD9wYj0hMW0xOCExbTEyITFtMyExZDEwNDk5OS4xMzM2MzYxMzQ0NiEyZDE1LjI0MjAwMTg4NDgyNDYwOCEzZDQ2LjI0Njg3NjA0NTgzOTMxITJtMyExZjAhMmYwITNmMCEzbTIhMWkxMDI0ITJpNzY4ITRmMTMuMSEzbTMhMW0yITFzMHg0NzY1NzBiOWU1MmY4ZTgxJTNBMHg4ZDU0MWE5YTY4ZDBmMTI5ITJzQWMlMjBHbGF2YW4lMjBTdG9yaXR2ZSUyMEluJTIwVHJnb3ZpbmElMjBELk8uTy4hNWUwITNtMiExc3NsITJzc2khNHYxNTg5OTc3NTk0Njg4ITVtMiExc3NsITJzc2kiIHdpZHRoPSIxMDAlIiBoZWlnaHQ9IjQ1MCIgZnJhbWVib3JkZXI9IjAiIHN0eWxlPSJib3JkZXI6MDsiIGFsbG93ZnVsbHNjcmVlbj0iIiBhcmlhLWhpZGRlbj0iZmFsc2UiIHRhYmluZGV4PSIwIj48L2lmcmFtZT4=[\/vc_raw_html][\/vc_column_inner][\/vc_row_inner][\/vc_column][\/vc_row][vc_row][vc_column][vc_separator][vc_column_text]<\/p>\n<p style=\"text-align: center;\">Laden Sie die Anwendung zur Steuerung Ihres Wohnmobils Glavan Free herunter:<\/p>\n<p>[\/vc_column_text][vc_btn title=&#8220;Anwendung Glavan Control V0.3 (*.apk)&#8220; style=&#8220;custom&#8220; custom_background=&#8220;#0073c6&#8243; custom_text=&#8220;#ffffff&#8220; shape=&#8220;square&#8220; size=&#8220;lg&#8220; align=&#8220;center&#8220; link=&#8220;url:https%3A%2F%2Fwww.ac-glavan.si%2FGlavan%2520Control%2520V0.3.apk|&#8220;][vc_separator][\/vc_column][\/vc_row]<\/p>\n","protected":false},"excerpt":{"rendered":"<p>[vc_row full_width=&#8220;stretch_row&#8220; css=&#8220;.vc_custom_1589977716061{padding-top: 40px !important;background-color: #f9fafb !important;}&#8220;][vc_column][vc_row_inner][vc_column_inner width=&#8220;1\/2&#8243;][vc_column_text] Service f\u00fcr Ihr Wohnmobil Der spezialisierteste Service f\u00fcr Wohnmobile und Wohnmobile in Slowenien Ein Service f\u00fcr ein Wohnmobil ist immer notwendig \u2013 unabh\u00e4ngig vom Preis, der robusten Bauweise oder der Haltbarkeit des Wohnmobils. Neue Orte mit dem Wohnmobil zu entdecken ist eine der aufregendsten, einzigartigsten und entspannendsten [&hellip;]<\/p>\n","protected":false},"author":1,"featured_media":8055,"parent":0,"menu_order":0,"comment_status":"closed","ping_status":"closed","template":"","meta":{"_acf_changed":false,"footnotes":""},"class_list":["post-9041","page","type-page","status-publish","has-post-thumbnail","hentry"],"acf":[],"aioseo_notices":[],"_links":{"self":[{"href":"https:\/\/free.ac-glavan.si\/de\/wp-json\/wp\/v2\/pages\/9041","targetHints":{"allow":["GET"]}}],"collection":[{"href":"https:\/\/free.ac-glavan.si\/de\/wp-json\/wp\/v2\/pages"}],"about":[{"href":"https:\/\/free.ac-glavan.si\/de\/wp-json\/wp\/v2\/types\/page"}],"author":[{"embeddable":true,"href":"https:\/\/free.ac-glavan.si\/de\/wp-json\/wp\/v2\/users\/1"}],"replies":[{"embeddable":true,"href":"https:\/\/free.ac-glavan.si\/de\/wp-json\/wp\/v2\/comments?post=9041"}],"version-history":[{"count":5,"href":"https:\/\/free.ac-glavan.si\/de\/wp-json\/wp\/v2\/pages\/9041\/revisions"}],"predecessor-version":[{"id":9192,"href":"https:\/\/free.ac-glavan.si\/de\/wp-json\/wp\/v2\/pages\/9041\/revisions\/9192"}],"wp:featuredmedia":[{"embeddable":true,"href":"https:\/\/free.ac-glavan.si\/de\/wp-json\/wp\/v2\/media\/8055"}],"wp:attachment":[{"href":"https:\/\/free.ac-glavan.si\/de\/wp-json\/wp\/v2\/media?parent=9041"}],"curies":[{"name":"wp","href":"https:\/\/api.w.org\/{rel}","templated":true}]}}