{"id":9031,"date":"2024-05-28T17:48:58","date_gmt":"2024-05-28T15:48:58","guid":{"rendered":"https:\/\/free.ac-glavan.si\/kontakt\/"},"modified":"2024-05-29T15:18:13","modified_gmt":"2024-05-29T13:18:13","slug":"kontakt","status":"publish","type":"page","link":"https:\/\/free.ac-glavan.si\/de\/kontakt\/","title":{"rendered":"Kontakt"},"content":{"rendered":"<p>[vc_row css=&#8220;.vc_custom_1589975128124{padding-top: 40px !important;}&#8220;][vc_column width=&#8220;1\/2&#8243;][vc_column_text]<\/p>\n<div class=\"wpb_text_column wpb_content_element \">\n<div class=\"wpb_wrapper\">\n<h3>AC Glavan, Gaji 45, 3000 Celje<\/h3>\n<\/div>\n<\/div>\n<div class=\"divider-wrap\">\n<div class=\"divider\">Bei AC Glavan erwarten Sie die modernsten Wohnmobile f\u00fchrender europ\u00e4ischer Marken, Zubeh\u00f6r f\u00fcr Wohnmobile, Anh\u00e4nger und gleichzeitig bieten wir einen hochwertigen Service f\u00fcr Ihre Wohnmobile.<\/div>\n<div><\/div>\n<div><\/div>\n<div><strong>Koordinaten:\u00a0<\/strong><\/div>\n<\/div>\n<div class=\"wpb_text_column wpb_content_element \">\n<div class=\"wpb_wrapper\">\n<p>46.243375<br \/>\n15.300918<\/div>\n<\/div>\n<div class=\"wpb_text_column wpb_content_element \">\n<div class=\"wpb_wrapper\">\n<h3>\u00dcber uns<\/h3>\n<p>Wir sind ein zuverl\u00e4ssiger und professioneller Partner im Bereich Caravaning, da wir Ihnen den kompletten Service aus einer Hand bieten.<br \/>\nIm Dezember 2001 begannen wir mit dem Verkauf von Ausr\u00fcstung, dem Verkauf von Wohnmobilen und der Vermietung von Wohnmobilen.<br \/>\nZum Kerngesch\u00e4ft hat sich im Laufe der Jahre der Verkauf von Wohnmobilen und Ferienanh\u00e4ngern nebst Service, einem gut sortierten Shop und der Wohnmobilvermietung entwickelt.<br \/>\nIn all den Jahren haben wir viel Erfahrung und Wissen im Bereich der Wartung von Reisemobilen und Caravans gesammelt, so dass wir im Moment behaupten k\u00f6nnen, dass wir eins sind <strong>die spezialisiertesten Dienste f\u00fcr diesen Zweck in Slowenien<\/strong>.<\/p>\n<p>F\u00fcr alle bieten wir Original-Ersatzteile und professionellen Service, aber selbstverst\u00e4ndlich k\u00f6nnen wir auch alle anderen Marken von Urlaubsfahrzeugen warten, ausr\u00fcsten und reparieren.<\/p><\/div>\n<\/div>\n<p>[\/vc_column_text][\/vc_column][vc_column width=&#8220;1\/2&#8243;][vc_column_text]<\/p>\n<h3>Hast du eine Frage? Kontaktieren Sie uns \u00fcber das untenstehende Formular oder rufen Sie uns an unter <a href=\"tel:035415199\">03 5415 199<\/a><\/h3>\n<p>[\/vc_column_text]\n<div class=\"wpcf7 no-js\" id=\"wpcf7-f9121-o1\" lang=\"sl-SI\" dir=\"ltr\" data-wpcf7-id=\"9121\">\n<div class=\"screen-reader-response\"><p role=\"status\" aria-live=\"polite\" aria-atomic=\"true\"><\/p> <ul><\/ul><\/div>\n<form action=\"\/de\/wp-json\/wp\/v2\/pages\/9031#wpcf7-f9121-o1\" method=\"post\" class=\"wpcf7-form init\" aria-label=\"Contact form\" novalidate=\"novalidate\" data-status=\"init\">\n<div style=\"display: none;\">\n<input type=\"hidden\" name=\"_wpcf7\" value=\"9121\" \/>\n<input type=\"hidden\" name=\"_wpcf7_version\" value=\"6.0.5\" \/>\n<input type=\"hidden\" name=\"_wpcf7_locale\" value=\"sl_SI\" \/>\n<input type=\"hidden\" name=\"_wpcf7_unit_tag\" value=\"wpcf7-f9121-o1\" \/>\n<input type=\"hidden\" name=\"_wpcf7_container_post\" value=\"0\" \/>\n<input type=\"hidden\" name=\"_wpcf7_posted_data_hash\" value=\"\" \/>\n<\/div>\n<p><label> Ihr Name (required)<br \/>\n<span class=\"wpcf7-form-control-wrap\" data-name=\"your-name\"><input size=\"40\" maxlength=\"400\" class=\"wpcf7-form-control wpcf7-text wpcf7-validates-as-required\" aria-required=\"true\" aria-invalid=\"false\" value=\"\" type=\"text\" name=\"your-name\" \/><\/span> <\/label>\n<\/p>\n<p><label> Deine E-Mail (required)<br \/>\n<span class=\"wpcf7-form-control-wrap\" data-name=\"your-email\"><input size=\"40\" maxlength=\"400\" class=\"wpcf7-form-control wpcf7-email wpcf7-validates-as-required wpcf7-text wpcf7-validates-as-email\" aria-required=\"true\" aria-invalid=\"false\" value=\"\" type=\"email\" name=\"your-email\" \/><\/span> <\/label>\n<\/p>\n<p><label> Ihre Nachricht<br \/>\n<span class=\"wpcf7-form-control-wrap\" data-name=\"your-message\"><textarea cols=\"40\" rows=\"10\" maxlength=\"2000\" class=\"wpcf7-form-control wpcf7-textarea\" aria-invalid=\"false\" name=\"your-message\"><\/textarea><\/span> <\/label>\n<\/p>\n<p><label><span class=\"wpcf7-form-control-wrap\" data-name=\"your-acceptance\"><span class=\"wpcf7-form-control wpcf7-acceptance\"><span class=\"wpcf7-list-item\"><label><input type=\"checkbox\" name=\"your-acceptance\" value=\"1\" aria-invalid=\"false\" \/><span class=\"wpcf7-list-item-label\">Ich stimme mit der <a target=\"_blank\" href=\"..\/privacy-policy\/\">Datenschutzrichtlinie<\/a>.<\/span><\/label><\/span><\/span><\/span><\/label>\n<\/p>\n<p><input class=\"wpcf7-form-control wpcf7-submit has-spinner\" type=\"submit\" value=\"Senden\" \/>\n<\/p><div class=\"wpcf7-response-output\" aria-hidden=\"true\"><\/div>\n<\/form>\n<\/div>\n[\/vc_column][\/vc_row][vc_row][vc_column][vc_separator][vc_column_text]<\/p>\n<h3 style=\"text-align: center;\"><a href=\"https:\/\/goo.gl\/maps\/cQx9BmJ6zR5AdgAcA\"><strong>ADRESSE<\/strong><\/a><\/h3>\n<p>[\/vc_column_text][vc_raw_html]PGlmcmFtZSBzcmM9Imh0dHBzOi8vd3d3Lmdvb2dsZS5jb20vbWFwcy9lbWJlZD9wYj0hMW0xOCExbTEyITFtMyExZDEzMjI2OC4yMDE5NDAwNzYyITJkMTUuMTkyMzUyODE4NDA3NjIhM2Q0Ni4yNTYxNzA4ODQzMzczNDQhMm0zITFmMCEyZjAhM2YwITNtMiExaTEwMjQhMmk3NjghNGYxMy4xITNtMyExbTIhMXMweDAlM0EweDAhMnpORGJDc0RFMEp6TTJMaklpVGlBeE5jS3dNVGduTURNdU15SkYhNWUwITNtMiExc3NsITJzc2khNHYxNTg5OTc0ODI0Mzg0ITVtMiExc3NsITJzc2kiIHdpZHRoPSIxMDAlIiBoZWlnaHQ9IjQ1MCIgZnJhbWVib3JkZXI9IjAiIHN0eWxlPSJib3JkZXI6MDsiIGFsbG93ZnVsbHNjcmVlbj0iIiBhcmlhLWhpZGRlbj0iZmFsc2UiIHRhYmluZGV4PSIwIj48L2lmcmFtZT4=[\/vc_raw_html][\/vc_column][\/vc_row]<\/p>\n","protected":false},"excerpt":{"rendered":"<p>[vc_row css=&#8220;.vc_custom_1589975128124{padding-top: 40px !important;}&#8220;][vc_column width=&#8220;1\/2&#8243;][vc_column_text] AC Glavan, Gaji 45, 3000 Celje Bei AC Glavan erwarten Sie die modernsten Wohnmobile f\u00fchrender europ\u00e4ischer Marken, Zubeh\u00f6r f\u00fcr Wohnmobile, Anh\u00e4nger und gleichzeitig bieten wir einen hochwertigen Service f\u00fcr Ihre Wohnmobile. Koordinaten:\u00a0 46.243375 15.300918 \u00dcber uns Wir sind ein zuverl\u00e4ssiger und professioneller Partner im Bereich Caravaning, da wir Ihnen den [&hellip;]<\/p>\n","protected":false},"author":1,"featured_media":6697,"parent":0,"menu_order":0,"comment_status":"closed","ping_status":"closed","template":"","meta":{"_acf_changed":false,"footnotes":""},"class_list":["post-9031","page","type-page","status-publish","has-post-thumbnail","hentry"],"acf":[],"aioseo_notices":[],"_links":{"self":[{"href":"https:\/\/free.ac-glavan.si\/de\/wp-json\/wp\/v2\/pages\/9031","targetHints":{"allow":["GET"]}}],"collection":[{"href":"https:\/\/free.ac-glavan.si\/de\/wp-json\/wp\/v2\/pages"}],"about":[{"href":"https:\/\/free.ac-glavan.si\/de\/wp-json\/wp\/v2\/types\/page"}],"author":[{"embeddable":true,"href":"https:\/\/free.ac-glavan.si\/de\/wp-json\/wp\/v2\/users\/1"}],"replies":[{"embeddable":true,"href":"https:\/\/free.ac-glavan.si\/de\/wp-json\/wp\/v2\/comments?post=9031"}],"version-history":[{"count":5,"href":"https:\/\/free.ac-glavan.si\/de\/wp-json\/wp\/v2\/pages\/9031\/revisions"}],"predecessor-version":[{"id":9190,"href":"https:\/\/free.ac-glavan.si\/de\/wp-json\/wp\/v2\/pages\/9031\/revisions\/9190"}],"wp:featuredmedia":[{"embeddable":true,"href":"https:\/\/free.ac-glavan.si\/de\/wp-json\/wp\/v2\/media\/6697"}],"wp:attachment":[{"href":"https:\/\/free.ac-glavan.si\/de\/wp-json\/wp\/v2\/media?parent=9031"}],"curies":[{"name":"wp","href":"https:\/\/api.w.org\/{rel}","templated":true}]}}