{"id":9006,"date":"2024-05-28T17:37:48","date_gmt":"2024-05-28T15:37:48","guid":{"rendered":"https:\/\/free.ac-glavan.si\/glavan-free\/"},"modified":"2024-05-29T15:49:05","modified_gmt":"2024-05-29T13:49:05","slug":"glavan-free","status":"publish","type":"page","link":"https:\/\/free.ac-glavan.si\/de\/glavan-free\/","title":{"rendered":"Glavan Free"},"content":{"rendered":"<p>[vc_row full_width=&#8220;stretch_row&#8220; equal_height=&#8220;yes&#8220; content_placement=&#8220;middle&#8220; css=&#8220;.vc_custom_1665491362552{padding-top: 40px !important;padding-bottom: 40px !important;background: #f7f7f7 url(https:\/\/free.ac-glavan.si\/wp-content\/uploads\/2022\/09\/G19-scaled.jpg?id=7738) !important;background-position: center !important;background-repeat: no-repeat !important;background-size: cover !important;}&#8220;][vc_column css=&#8220;.vc_custom_1704978976546{background-color: rgba(10,10,10,0.22) !important;background-position: center !important;background-repeat: no-repeat !important;background-size: cover !important;*background-color: rgb(10,10,10) !important;}&#8220;][vc_column_text]<\/p>\n<h1><\/h1>\n<h1 style=\"text-align: center;\"><span style=\"color: #ffffff;\">Glavan F<\/span><span style=\"color: #ffffff;\">ree<\/span><\/h1>\n<p>&nbsp;<\/p>\n<p>&nbsp;<\/p>\n<p>&nbsp;<\/p>\n<p style=\"text-align: center;\"><span style=\"color: #ffffff;\"><strong>Ein Reisender im wahrsten Sinne des Wortes!<\/strong><\/span><\/p>\n<p>&nbsp;[\/vc_column_text][\/vc_column][\/vc_row][vc_row equal_height=&#8220;yes&#8220; content_placement=&#8220;middle&#8220; css=&#8220;.vc_custom_1704980360872{padding-top: 50px !important;background-color: #f7f7f7 !important;}&#8220;][vc_column width=&#8220;1\/2&#8243;][vc_column_text]<\/p>\n<h2 style=\"text-align: left; line-height: 1;\">Seien Sie frei und unabh\u00e4ngig, wo immer Sie sind.<\/h2>\n<p>Da der Traveller auf dem k\u00fcrzeren und niedrigeren VW Transporter basiert, erm\u00f6glicht er ein einfaches Reisen unabh\u00e4ngig von der Umgebung. Reisen Sie schnell und einfach auf der Autobahn, in der Stadt oder in der Natur.<br \/>\nMit innovativen L\u00f6sungen haben Sie alles dabei, was auch gro\u00dfe Reisemobile haben.[\/vc_column_text][\/vc_column][vc_column width=&#8220;1\/2&#8243;][vc_single_image image=&#8220;7731&#8243; alignment=&#8220;center&#8220; style=&#8220;vc_box_shadow_3d&#8220;][\/vc_column][\/vc_row][vc_row equal_height=&#8220;yes&#8220; content_placement=&#8220;middle&#8220; css=&#8220;.vc_custom_1704978947742{background-color: #f7f7f7 !important;}&#8220;][vc_column width=&#8220;1\/2&#8243; offset=&#8220;vc_hidden-xs&#8220;][vc_single_image image=&#8220;7770&#8243; alignment=&#8220;center&#8220; style=&#8220;vc_box_shadow_3d&#8220;][\/vc_column][vc_column width=&#8220;1\/2&#8243;][vc_column_text]<\/p>\n<h2 style=\"text-align: left; line-height: 1;\">Komfort<\/h2>\n<p>Der Glavan Free verf\u00fcgt \u00fcber eines der bequemsten Betten f\u00fcr zwei oder vier Personen in einem Auto dieser Gr\u00f6\u00dfe.<br \/>\nIm Auto kann ein Bett mit den Ma\u00dfen 200 x 150 cm aufgebaut werden, au\u00dferdem gibt es im Schiebedach ein Bett mit den Ma\u00dfen 195 x 110 cm.<br \/>\nSchall- und W\u00e4rmed\u00e4mmung sorgen zusammen mit der Dieselheizung des Fahrgastraums f\u00fcr ein angenehmes Fahrgef\u00fchl im Fahrgastraum.[\/vc_column_text][\/vc_column][\/vc_row][vc_row equal_height=&#8220;yes&#8220; content_placement=&#8220;middle&#8220; css=&#8220;.vc_custom_1704978947742{background-color: #f7f7f7 !important;}&#8220;][vc_column offset=&#8220;vc_hidden-lg vc_hidden-md vc_hidden-sm&#8220;][vc_single_image image=&#8220;7770&#8243; alignment=&#8220;center&#8220; style=&#8220;vc_box_shadow_3d&#8220;][\/vc_column][\/vc_row][vc_row equal_height=&#8220;yes&#8220; content_placement=&#8220;middle&#8220; css=&#8220;.vc_custom_1704978947742{background-color: #f7f7f7 !important;}&#8220;][vc_column width=&#8220;1\/2&#8243;][vc_column_text]<\/p>\n<h2 style=\"text-align: left; line-height: 1;\">K\u00f6nigliche K\u00fcche<\/h2>\n<p>Unter der Hubt\u00fcr befindet sich eine hervorragende ausziehbare K\u00fcche mit Doppelkochplatte, Kompressork\u00fchlschrank, gro\u00dfen Schubladen, Nutzfl\u00e4che und 50 l Frischwasser.<br \/>\nDer Wasserhahn ist versenkbar, so dass er auch als Au\u00dfendusche genutzt werden kann, f\u00fcr Privatsph\u00e4re sorgt ein integriertes Zelt f\u00fcr die Hubt\u00fcr.[\/vc_column_text][\/vc_column][vc_column width=&#8220;1\/2&#8243;][vc_single_image image=&#8220;6733&#8243; alignment=&#8220;center&#8220; style=&#8220;vc_box_shadow_3d&#8220;][\/vc_column][\/vc_row][vc_row equal_height=&#8220;yes&#8220; content_placement=&#8220;middle&#8220; css=&#8220;.vc_custom_1704978947742{background-color: #f7f7f7 !important;}&#8220;][vc_column width=&#8220;1\/2&#8243; offset=&#8220;vc_hidden-xs&#8220;][vc_single_image image=&#8220;8429&#8243; alignment=&#8220;center&#8220; style=&#8220;vc_box_shadow_3d&#8220;][\/vc_column][vc_column width=&#8220;1\/2&#8243;][vc_column_text]<\/p>\n<h2 style=\"text-align: left; line-height: 1;\">\u00dcberlegene Ausstattung<\/h2>\n<p>Kompressork\u00fchler 30l<br \/>\nDieselheizung 3,0 KW mit Zusatzbatterie<br \/>\nWand- und Bodend\u00e4mmung 20-30 cm<br \/>\nViel Stauraum und viele Schubladen im Heck sowie in der K\u00fcche werden f\u00fcr Ihre Reisen mehr als ausreichend sein.<br \/>\nPlatz f\u00fcr Sportger\u00e4te und Zubeh\u00f6r.<br \/>\nM\u00f6gliches zus\u00e4tzliches Hubdach mit einem Bett und einer Bank, die zu einem Bett f\u00fcr 4 Personen zusammengeklappt werden kann.<br \/>\nEine gro\u00dfe Auswahl an Zusatzausstattungen, damit Sie wirklich alles haben, was Sie wollen.[\/vc_column_text][\/vc_column][\/vc_row][vc_row equal_height=&#8220;yes&#8220; content_placement=&#8220;middle&#8220; css=&#8220;.vc_custom_1704978947742{background-color: #f7f7f7 !important;}&#8220;][vc_column offset=&#8220;vc_hidden-lg vc_hidden-md vc_hidden-sm&#8220;][vc_single_image image=&#8220;8429&#8243; alignment=&#8220;center&#8220; style=&#8220;vc_box_shadow_3d&#8220;][\/vc_column][\/vc_row][vc_row full_width=&#8220;stretch_row_content_no_spaces&#8220; equal_height=&#8220;yes&#8220; content_placement=&#8220;middle&#8220;][vc_column css=&#8220;.vc_custom_1704980665413{background-position: center !important;background-repeat: no-repeat !important;background-size: cover !important;}&#8220;][\/vc_column][\/vc_row][vc_row full_width=&#8220;stretch_row&#8220; parallax=&#8220;content-moving&#8220; parallax_image=&#8220;312&#8243; css=&#8220;.vc_custom_1654090140857{background-color: #232323 !important;}&#8220;][vc_column][vc_empty_space height=&#8220;20px&#8220;][vc_column_text css=&#8220;.vc_custom_1704987157956{padding-bottom: 20px !important;}&#8220;]<\/p>\n<h2 style=\"text-align: center; color: #ffffff;\">H\u00f6r zu!<\/h2>\n<p>[\/vc_column_text][vc_column_text css=&#8220;.vc_custom_1669622199936{margin-top: 30px !important;margin-right: 20px !important;margin-bottom: 70px !important;margin-left: 20px !important;}&#8220;]<\/p>\n<p style=\"text-align: center;\"><iframe class=\"lazyload\" data-src=\"https:\/\/AC-GLAVAN-D-O-O.vr-360-tour.com\/e\/PNcBhK5eSvY\/e\" width=\"640\" height=\"390\" allowfullscreen=\"allowfullscreen\"><\/iframe><\/p>\n<p>&nbsp;[\/vc_column_text][\/vc_column][\/vc_row][vc_row][vc_column offset=&#8220;vc_hidden-lg vc_hidden-md vc_hidden-sm&#8220;][vc_single_image image=&#8220;8420&#8243; alignment=&#8220;center&#8220; style=&#8220;vc_box_shadow_3d&#8220;][\/vc_column][\/vc_row][vc_row full_width=&#8220;stretch_row_content_no_spaces&#8220; equal_height=&#8220;yes&#8220; content_placement=&#8220;middle&#8220; css=&#8220;.vc_custom_1552674349928{background-color: #f7f7f7 !important;}&#8220;][vc_column width=&#8220;1\/2&#8243; css=&#8220;.vc_custom_1704980888459{padding: 20px !important;}&#8220;][vc_column_text]<\/p>\n<h2 style=\"text-align: left; line-height: 1;\">Seien Sie frei und unabh\u00e4ngig, wo immer Sie sind.<\/h2>\n<p>Das Glavan Free-Fahrzeug ist sowohl f\u00fcr den t\u00e4glichen Gebrauch als auch f\u00fcr die Freizeitgestaltung zu jeder Jahreszeit gedacht.<\/p>\n<p>Glavan Free ist ein Fahrzeug, bei dem die Gr\u00f6\u00dfe kein Hindernis darstellt und die geringe Gr\u00f6\u00dfe auch kein Nachteil ist. Sie haben immer alles dabei, was andere Wohnmobile haben, sind aber durch die Gr\u00f6\u00dfe sowohl in der Stadt als auch in der Natur deutlich flexibler.[\/vc_column_text][vc_btn title=&#8220;Siehe auch das Glavan Free Plus Modell&#8220; style=&#8220;custom&#8220; custom_background=&#8220;#0073c6&#8243; custom_text=&#8220;#ffffff&#8220; shape=&#8220;square&#8220; link=&#8220;url:https%3A%2F%2Ffree.ac-glavan.si%2Fde%2Fglavan-free-plus%2F|title:Glavan%20Plus|&#8220;][\/vc_column][vc_column width=&#8220;1\/2&#8243; css=&#8220;.vc_custom_1704983555551{margin-top: 20px !important;margin-right: 20px !important;margin-bottom: 20px !important;margin-left: 20px !important;background-image: url(https:\/\/free.ac-glavan.si\/wp-content\/uploads\/2023\/11\/G7-1-scaled.jpg?id=8430) !important;background-position: center !important;background-repeat: no-repeat !important;background-size: contain !important;}&#8220; offset=&#8220;vc_hidden-xs&#8220;][vc_empty_space height=&#8220;400px&#8220; css=&#8220;.vc_custom_1704980857117{background-position: center !important;background-repeat: no-repeat !important;background-size: contain !important;}&#8220;][\/vc_column][\/vc_row]<\/p>\n","protected":false},"excerpt":{"rendered":"<p>[vc_row full_width=&#8220;stretch_row&#8220; equal_height=&#8220;yes&#8220; content_placement=&#8220;middle&#8220; css=&#8220;.vc_custom_1665491362552{padding-top: 40px !important;padding-bottom: 40px !important;background: #f7f7f7 url(https:\/\/free.ac-glavan.si\/wp-content\/uploads\/2022\/09\/G19-scaled.jpg?id=7738) !important;background-position: center !important;background-repeat: no-repeat !important;background-size: cover !important;}&#8220;][vc_column css=&#8220;.vc_custom_1704978976546{background-color: rgba(10,10,10,0.22) !important;background-position: center !important;background-repeat: no-repeat !important;background-size: cover !important;*background-color: rgb(10,10,10) !important;}&#8220;][vc_column_text] Glavan Free &nbsp; &nbsp; &nbsp; Ein Reisender im wahrsten Sinne des Wortes! &nbsp;[\/vc_column_text][\/vc_column][\/vc_row][vc_row equal_height=&#8220;yes&#8220; content_placement=&#8220;middle&#8220; css=&#8220;.vc_custom_1704980360872{padding-top: 50px !important;background-color: #f7f7f7 !important;}&#8220;][vc_column width=&#8220;1\/2&#8243;][vc_column_text] Seien Sie frei und unabh\u00e4ngig, [&hellip;]<\/p>\n","protected":false},"author":1,"featured_media":0,"parent":0,"menu_order":0,"comment_status":"closed","ping_status":"closed","template":"","meta":{"_acf_changed":false,"footnotes":""},"class_list":["post-9006","page","type-page","status-publish","hentry"],"acf":[],"aioseo_notices":[],"_links":{"self":[{"href":"https:\/\/free.ac-glavan.si\/de\/wp-json\/wp\/v2\/pages\/9006","targetHints":{"allow":["GET"]}}],"collection":[{"href":"https:\/\/free.ac-glavan.si\/de\/wp-json\/wp\/v2\/pages"}],"about":[{"href":"https:\/\/free.ac-glavan.si\/de\/wp-json\/wp\/v2\/types\/page"}],"author":[{"embeddable":true,"href":"https:\/\/free.ac-glavan.si\/de\/wp-json\/wp\/v2\/users\/1"}],"replies":[{"embeddable":true,"href":"https:\/\/free.ac-glavan.si\/de\/wp-json\/wp\/v2\/comments?post=9006"}],"version-history":[{"count":5,"href":"https:\/\/free.ac-glavan.si\/de\/wp-json\/wp\/v2\/pages\/9006\/revisions"}],"predecessor-version":[{"id":9210,"href":"https:\/\/free.ac-glavan.si\/de\/wp-json\/wp\/v2\/pages\/9006\/revisions\/9210"}],"wp:attachment":[{"href":"https:\/\/free.ac-glavan.si\/de\/wp-json\/wp\/v2\/media?parent=9006"}],"curies":[{"name":"wp","href":"https:\/\/api.w.org\/{rel}","templated":true}]}}