{"id":9002,"date":"2024-05-28T17:32:59","date_gmt":"2024-05-28T15:32:59","guid":{"rendered":"https:\/\/free.ac-glavan.si\/startseite\/"},"modified":"2024-07-30T16:56:27","modified_gmt":"2024-07-30T14:56:27","slug":"startseite","status":"publish","type":"page","link":"https:\/\/free.ac-glavan.si\/de\/","title":{"rendered":"Startseite"},"content":{"rendered":"<p>[vc_row content_placement=&#8220;bottom&#8220; css=&#8220;.vc_custom_1704986767345{margin-top: 20px !important;}&#8220;][vc_column][vc_column_text]<\/p>\n<h1 style=\"text-align: center;\">Fahren Sie jeden Tag ins Unbekannte<\/h1>\n<p>[\/vc_column_text][\/vc_column][\/vc_row][vc_row full_width=&#8220;stretch_row_content&#8220;][vc_column width=&#8220;1\/2&#8243;][vc_row_inner][vc_column_inner width=&#8220;1\/2&#8243;][vc_column_text]<\/p>\n<p style=\"text-align: center;\">Mit den Glavan Free Wohnmobilen k\u00f6nnen Sie sorglos im Sommer und Winter erkunden, sei es auf dem Weg zur Arbeit oder im Urlaub.<\/p>\n<p>[\/vc_column_text][\/vc_column_inner][vc_column_inner width=&#8220;1\/2&#8243;][vc_single_image image=&#8220;8432&#8243; style=&#8220;vc_box_shadow_3d&#8220; css=&#8220;.vc_custom_1699632222213{border-radius: 10px !important;}&#8220;][\/vc_column_inner][\/vc_row_inner][\/vc_column][vc_column width=&#8220;1\/2&#8243;][vc_row_inner][vc_column_inner width=&#8220;1\/2&#8243;][vc_column_text]Mit 20 Jahren Erfahrung im Verkauf und Service von Wohnmobilen haben wir beschlossen, selbst ein Wohnmobil zu entwerfen. Es ist so konzipiert, dass es einfach wie ein Auto oder ein Zuhause verwendet werden kann. Technologisch perfektioniert. Unabh\u00e4ngig.[\/vc_column_text][\/vc_column_inner][vc_column_inner width=&#8220;1\/2&#8243;][vc_single_image image=&#8220;8429&#8243; style=&#8220;vc_box_shadow_3d&#8220; css=&#8220;.vc_custom_1699632190072{border-radius: 10px !important;}&#8220;][\/vc_column_inner][\/vc_row_inner][\/vc_column][vc_column width=&#8220;1\/2&#8243;][vc_row_inner][vc_column_inner width=&#8220;1\/2&#8243;][vc_column_text]<\/p>\n<p style=\"text-align: center;\">Der Glavan Free ist sowohl f\u00fcr den t\u00e4glichen Gebrauch als auch f\u00fcr die Freizeitgestaltung gedacht.<\/p>\n<p>[\/vc_column_text][\/vc_column_inner][vc_column_inner width=&#8220;1\/2&#8243;][vc_single_image image=&#8220;8435&#8243; style=&#8220;vc_box_shadow_3d&#8220; css=&#8220;.vc_custom_1699632253179{border-radius: 10px !important;}&#8220;][\/vc_column_inner][\/vc_row_inner][\/vc_column][vc_column width=&#8220;1\/2&#8243;][vc_row_inner][vc_column_inner width=&#8220;1\/2&#8243;][vc_column_text]<\/p>\n<p style=\"text-align: center;\">Der Glavan Free ist ein Fahrzeug, bei dem die Gr\u00f6\u00dfe kein Hindernis und die Kleinheit kein Nachteil ist. Sie haben immer alles dabei, was andere Wohnmobile auch haben, sind aber dank der Gr\u00f6\u00dfe viel mobiler.<\/p>\n<p>[\/vc_column_text][\/vc_column_inner][vc_column_inner width=&#8220;1\/2&#8243;][vc_single_image image=&#8220;7785&#8243; style=&#8220;vc_box_shadow_3d&#8220; css=&#8220;.vc_custom_1669021155491{border-radius: 10px !important;}&#8220;][\/vc_column_inner][\/vc_row_inner][\/vc_column][\/vc_row][vc_row content_placement=&#8220;bottom&#8220; css=&#8220;.vc_custom_1664452189613{margin-top: 20px !important;}&#8220;][vc_column][vc_column_text]<\/p>\n<h1 style=\"text-align: center;\">Wir pr\u00e4sentieren Ihnen:<\/h1>\n<p>[\/vc_column_text][\/vc_column][\/vc_row][vc_row full_width=&#8220;stretch_row_content&#8220; content_placement=&#8220;middle&#8220; css=&#8220;.vc_custom_1704898736225{margin-top: 0px !important;margin-right: 0px !important;margin-bottom: 0px !important;margin-left: 0px !important;background-color: #f7f7f7 !important;border-radius: 20px !important;}&#8220;][vc_column width=&#8220;1\/4&#8243; offset=&#8220;vc_hidden-xs&#8220;][\/vc_column][vc_column width=&#8220;1\/2&#8243; offset=&#8220;vc_hidden-xs&#8220;][vc_column_text css=&#8220;.vc_custom_1704981961576{margin-top: 0px !important;margin-right: 0px !important;margin-bottom: 20px !important;margin-left: 0px !important;}&#8220;]<\/p>\n<h2>Glavan Free Plus<\/h2>\n<p>In diesem Modell befindet sich die K\u00fcche an der Seite des Autos. Der ger\u00e4umigste Raum wird durch einen gro\u00dfen Schrank, einen Tank und ein elektrisches System erg\u00e4nzt. Es hat 4 Schlafpl\u00e4tze: zwei unten und zwei im Aufstelldach. Dank der gut genutzten M\u00f6bel ist im Auto ausreichend Platz zum Sitzen, Schlafen, f\u00fcr Gep\u00e4ck oder Fracht.[\/vc_column_text][vc_images_carousel images=&#8220;8417,8435,8432,8429,8451,8445,8423&#8243; img_size=&#8220;full&#8220; onclick=&#8220;link_no&#8220; speed=&#8220;2500&#8243; slides_per_view=&#8220;2&#8243; autoplay=&#8220;yes&#8220; hide_pagination_control=&#8220;yes&#8220; wrap=&#8220;yes&#8220; css=&#8220;.vc_custom_1704898910917{background-position: center !important;background-repeat: no-repeat !important;background-size: contain !important;border-radius: 5px !important;}&#8220;][vc_btn title=&#8220;Mehr Informationen&#8220; style=&#8220;custom&#8220; custom_background=&#8220;#0073c6&#8243; custom_text=&#8220;#ffffff&#8220; shape=&#8220;square&#8220; size=&#8220;lg&#8220; align=&#8220;center&#8220; link=&#8220;url:https%3A%2F%2Ffree.ac-glavan.si%2Fde%2Fglavan-free-plus%2F|title:Glavan%20FREE|&#8220;][\/vc_column][vc_column width=&#8220;1\/4&#8243; offset=&#8220;vc_hidden-xs&#8220;][\/vc_column][\/vc_row][vc_row full_width=&#8220;stretch_row_content&#8220; content_placement=&#8220;middle&#8220; css=&#8220;.vc_custom_1705069332950{margin-top: 0px !important;margin-right: 0px !important;margin-bottom: 0px !important;margin-left: 0px !important;background-color: #f7f7f7 !important;border-radius: 20px !important;}&#8220;][vc_column width=&#8220;1\/4&#8243; offset=&#8220;vc_hidden-lg vc_hidden-md vc_hidden-sm&#8220;][\/vc_column][vc_column width=&#8220;1\/2&#8243; offset=&#8220;vc_hidden-lg vc_hidden-md vc_hidden-sm&#8220;][vc_column_text css=&#8220;.vc_custom_1704981987328{margin-top: 0px !important;margin-right: 0px !important;margin-bottom: 20px !important;margin-left: 0px !important;}&#8220;]<\/p>\n<h2>Glavan Free Plus<\/h2>\n<p>In diesem Modell befindet sich die K\u00fcche an der Seite des Autos. Der ger\u00e4umigste Raum wird durch einen gro\u00dfen Schrank, einen Tank und ein elektrisches System erg\u00e4nzt. Es hat 4 Schlafpl\u00e4tze: zwei unten und zwei im Aufstelldach. Dank der gut genutzten M\u00f6bel ist im Auto ausreichend Platz zum Sitzen, Schlafen, f\u00fcr Gep\u00e4ck oder Fracht.[\/vc_column_text][vc_images_carousel images=&#8220;8417,8435,8432,8429,8451,8445,8423&#8243; img_size=&#8220;full&#8220; onclick=&#8220;link_no&#8220; speed=&#8220;2500&#8243; autoplay=&#8220;yes&#8220; hide_pagination_control=&#8220;yes&#8220; wrap=&#8220;yes&#8220; css=&#8220;.vc_custom_1704899116007{background-position: center !important;background-repeat: no-repeat !important;background-size: contain !important;border-radius: 5px !important;}&#8220;][vc_btn title=&#8220;Mehr Informationen&#8220; style=&#8220;custom&#8220; custom_background=&#8220;#0073c6&#8243; custom_text=&#8220;#ffffff&#8220; shape=&#8220;square&#8220; size=&#8220;lg&#8220; align=&#8220;center&#8220; link=&#8220;url:https%3A%2F%2Ffree.ac-glavan.si%2Fde%2Fglavan-free-plus%2F|title:Glavan%20FREE|&#8220;][\/vc_column][vc_column width=&#8220;1\/4&#8243; offset=&#8220;vc_hidden-lg vc_hidden-md vc_hidden-sm&#8220;][\/vc_column][\/vc_row][vc_row full_width=&#8220;stretch_row&#8220; gap=&#8220;20&#8243; equal_height=&#8220;yes&#8220; css=&#8220;.vc_custom_1532592469515{padding-top: 20px !important;padding-right: 20px !important;padding-bottom: 20px !important;padding-left: 20px !important;background-color: #eeeeee !important;}&#8220;][vc_column width=&#8220;1\/6&#8243; css=&#8220;.vc_custom_1704899160436{border-top-width: 1px !important;border-right-width: 1px !important;border-bottom-width: 1px !important;border-left-width: 1px !important;padding-right: 30px !important;padding-bottom: 15px !important;padding-left: 30px !important;background-color: #ffffff !important;border-left-color: #dddddd !important;border-left-style: solid !important;border-right-color: #dddddd !important;border-right-style: solid !important;border-top-color: #dddddd !important;border-top-style: solid !important;border-bottom-color: #dddddd !important;border-bottom-style: solid !important;}&#8220; offset=&#8220;vc_hidden-xs&#8220;][vc_icon type=&#8220;material&#8220; icon_material=&#8220;vc-material vc-material-alarm_on&#8220; color=&#8220;custom&#8220; background_style=&#8220;rounded-outline&#8220; background_color=&#8220;custom&#8220; align=&#8220;center&#8220; custom_background_color=&#8220;#ffc107&#8243; custom_color=&#8220;#ffc107&#8243;][vc_column_text css=&#8220;.vc_custom_1664459015750{margin-bottom: 15px !important;}&#8220;]<\/p>\n<h5 style=\"text-align: center;\">Einfach zu verwenden<\/h5>\n<p>[\/vc_column_text][\/vc_column][vc_column width=&#8220;1\/6&#8243; css=&#8220;.vc_custom_1704899305605{border-top-width: 1px !important;border-right-width: 1px !important;border-bottom-width: 1px !important;border-left-width: 1px !important;padding-right: 30px !important;padding-left: 30px !important;background-color: #ffffff !important;border-left-color: #dddddd !important;border-left-style: solid !important;border-right-color: #dddddd !important;border-right-style: solid !important;border-top-color: #dddddd !important;border-top-style: solid !important;border-bottom-color: #dddddd !important;border-bottom-style: solid !important;}&#8220; offset=&#8220;vc_hidden-xs&#8220;][vc_icon type=&#8220;material&#8220; icon_material=&#8220;vc-material vc-material-wifi&#8220; color=&#8220;custom&#8220; background_style=&#8220;rounded-outline&#8220; background_color=&#8220;custom&#8220; align=&#8220;center&#8220; custom_background_color=&#8220;#ffc107&#8243; custom_color=&#8220;#ffc107&#8243;][vc_column_text css=&#8220;.vc_custom_1704898706507{margin-bottom: 15px !important;}&#8220;]Intelligente Systeme[\/vc_column_text][\/vc_column][vc_column width=&#8220;1\/6&#8243; css=&#8220;.vc_custom_1704899310781{border-top-width: 1px !important;border-right-width: 1px !important;border-bottom-width: 1px !important;border-left-width: 1px !important;padding-right: 30px !important;padding-left: 30px !important;background-color: #ffffff !important;border-left-color: #dddddd !important;border-left-style: solid !important;border-right-color: #dddddd !important;border-right-style: solid !important;border-top-color: #dddddd !important;border-top-style: solid !important;border-bottom-color: #dddddd !important;border-bottom-style: solid !important;}&#8220; offset=&#8220;vc_hidden-xs&#8220;][vc_icon type=&#8220;material&#8220; icon_material=&#8220;vc-material vc-material-restaurant_menu&#8220; color=&#8220;custom&#8220; background_style=&#8220;rounded-outline&#8220; background_color=&#8220;custom&#8220; align=&#8220;center&#8220; custom_background_color=&#8220;#ffc107&#8243; custom_color=&#8220;#ffc107&#8243;][vc_column_text css=&#8220;.vc_custom_1663839544010{margin-bottom: 15px !important;}&#8220;]Es umfasst eine K\u00fcche[\/vc_column_text][\/vc_column][vc_column width=&#8220;1\/6&#8243; css=&#8220;.vc_custom_1704899315997{border-top-width: 1px !important;border-right-width: 1px !important;border-bottom-width: 1px !important;border-left-width: 1px !important;padding-right: 30px !important;padding-left: 30px !important;background-color: #ffffff !important;border-left-color: #dddddd !important;border-left-style: solid !important;border-right-color: #dddddd !important;border-right-style: solid !important;border-top-color: #dddddd !important;border-top-style: solid !important;border-bottom-color: #dddddd !important;border-bottom-style: solid !important;}&#8220; offset=&#8220;vc_hidden-xs&#8220;][vc_icon type=&#8220;material&#8220; icon_material=&#8220;vc-material vc-material-thumb_up&#8220; color=&#8220;custom&#8220; background_style=&#8220;rounded-outline&#8220; background_color=&#8220;custom&#8220; align=&#8220;center&#8220; custom_background_color=&#8220;#ffc107&#8243; custom_color=&#8220;#ffc107&#8243;][vc_column_text css=&#8220;.vc_custom_1663839571697{margin-bottom: 15px !important;}&#8220;]Garantie auf Wohnmobile[\/vc_column_text][\/vc_column][vc_column width=&#8220;1\/6&#8243; css=&#8220;.vc_custom_1704900984692{border-top-width: 1px !important;border-right-width: 1px !important;border-bottom-width: 1px !important;border-left-width: 1px !important;padding-right: 30px !important;padding-left: 30px !important;background-color: #ffffff !important;border-left-color: #dddddd !important;border-left-style: solid !important;border-right-color: #dddddd !important;border-right-style: solid !important;border-top-color: #dddddd !important;border-top-style: solid !important;border-bottom-color: #dddddd !important;border-bottom-style: solid !important;}&#8220; offset=&#8220;vc_hidden-xs&#8220;][vc_icon type=&#8220;material&#8220; icon_material=&#8220;vc-material vc-material-local_parking&#8220; color=&#8220;custom&#8220; background_style=&#8220;rounded-outline&#8220; background_color=&#8220;custom&#8220; align=&#8220;center&#8220; custom_background_color=&#8220;#ffc107&#8243; custom_color=&#8220;#ffc107&#8243;][vc_column_text css=&#8220;.vc_custom_1663839592529{margin-bottom: 15px !important;}&#8220;]Einfaches Parken[\/vc_column_text][\/vc_column][vc_column width=&#8220;1\/6&#8243; css=&#8220;.vc_custom_1704899320956{border-top-width: 1px !important;border-right-width: 1px !important;border-bottom-width: 1px !important;border-left-width: 1px !important;padding-right: 30px !important;padding-left: 30px !important;background-color: #ffffff !important;border-left-color: #dddddd !important;border-left-style: solid !important;border-right-color: #dddddd !important;border-right-style: solid !important;border-top-color: #dddddd !important;border-top-style: solid !important;border-bottom-color: #dddddd !important;border-bottom-style: solid !important;}&#8220; offset=&#8220;vc_hidden-xs&#8220;][vc_icon type=&#8220;material&#8220; icon_material=&#8220;vc-material vc-material-audiotrack&#8220; color=&#8220;custom&#8220; background_style=&#8220;rounded-outline&#8220; background_color=&#8220;custom&#8220; align=&#8220;center&#8220; custom_background_color=&#8220;#ffc107&#8243; custom_color=&#8220;#ffc107&#8243;][vc_column_text css=&#8220;.vc_custom_1664459050780{margin-bottom: 15px !important;}&#8220;]Schall und W\u00e4rmed\u00e4mmung[\/vc_column_text][\/vc_column][\/vc_row][vc_row full_width=&#8220;stretch_row&#8220; content_placement=&#8220;middle&#8220; parallax=&#8220;content-moving&#8220; parallax_image=&#8220;312&#8243; css=&#8220;.vc_custom_1669021601247{background-color: #232323 !important;}&#8220;][vc_column][vc_empty_space height=&#8220;20px&#8220;][vc_column_text css=&#8220;.vc_custom_1664463229285{padding-bottom: 20px !important;}&#8220;]Glavan Free Video Pr\u00e4sentation[\/vc_column_text][vc_column_text css=&#8220;.vc_custom_1704970866150{padding-bottom: -100px !important;}&#8220;]<\/p>\n<p style=\"text-align: center;\"><iframe class=\"lazyload\" title=\"YouTube video player\" data-src=\"https:\/\/www.youtube.com\/embed\/lBGyUuJQ1lI?si=PyUr4LebuXDTuzpE\" width=\"560\" height=\"315\" frameborder=\"0\" allowfullscreen=\"allowfullscreen\"><\/iframe><\/p>\n<p>[\/vc_column_text][\/vc_column][\/vc_row][vc_row full_width=&#8220;stretch_row&#8220; gap=&#8220;20&#8243; equal_height=&#8220;yes&#8220; css=&#8220;.vc_custom_1532592469515{padding-top: 20px !important;padding-right: 20px !important;padding-bottom: 20px !important;padding-left: 20px !important;background-color: #eeeeee !important;}&#8220;][vc_column width=&#8220;1\/6&#8243; css=&#8220;.vc_custom_1704968945298{border-top-width: 1px !important;border-right-width: 1px !important;border-bottom-width: 1px !important;border-left-width: 1px !important;padding-right: 30px !important;padding-bottom: 15px !important;padding-left: 30px !important;background-color: #ffffff !important;border-left-color: #dddddd !important;border-left-style: solid !important;border-right-color: #dddddd !important;border-right-style: solid !important;border-top-color: #dddddd !important;border-top-style: solid !important;border-bottom-color: #dddddd !important;border-bottom-style: solid !important;}&#8220; offset=&#8220;vc_hidden-lg vc_hidden-md vc_hidden-sm&#8220;][vc_icon type=&#8220;material&#8220; icon_material=&#8220;vc-material vc-material-alarm_on&#8220; color=&#8220;custom&#8220; background_style=&#8220;rounded-outline&#8220; background_color=&#8220;custom&#8220; align=&#8220;center&#8220; custom_background_color=&#8220;#ffc107&#8243; custom_color=&#8220;#ffc107&#8243;][vc_column_text css=&#8220;.vc_custom_1664459015750{margin-bottom: 15px !important;}&#8220;]<\/p>\n<h5 style=\"text-align: center;\">Einfach zu verwenden<\/h5>\n<p>[\/vc_column_text][\/vc_column][vc_column width=&#8220;1\/6&#8243; css=&#8220;.vc_custom_1704968936360{border-top-width: 1px !important;border-right-width: 1px !important;border-bottom-width: 1px !important;border-left-width: 1px !important;padding-right: 30px !important;padding-left: 30px !important;background-color: #ffffff !important;border-left-color: #dddddd !important;border-left-style: solid !important;border-right-color: #dddddd !important;border-right-style: solid !important;border-top-color: #dddddd !important;border-top-style: solid !important;border-bottom-color: #dddddd !important;border-bottom-style: solid !important;}&#8220; offset=&#8220;vc_hidden-lg vc_hidden-md vc_hidden-sm&#8220;][vc_icon type=&#8220;material&#8220; icon_material=&#8220;vc-material vc-material-wifi&#8220; color=&#8220;custom&#8220; background_style=&#8220;rounded-outline&#8220; background_color=&#8220;custom&#8220; align=&#8220;center&#8220; custom_background_color=&#8220;#ffc107&#8243; custom_color=&#8220;#ffc107&#8243;][vc_column_text css=&#8220;.vc_custom_1704898706507{margin-bottom: 15px !important;}&#8220;]Intelligente Systeme[\/vc_column_text][\/vc_column][vc_column width=&#8220;1\/6&#8243; css=&#8220;.vc_custom_1704968928750{border-top-width: 1px !important;border-right-width: 1px !important;border-bottom-width: 1px !important;border-left-width: 1px !important;padding-right: 30px !important;padding-left: 30px !important;background-color: #ffffff !important;border-left-color: #dddddd !important;border-left-style: solid !important;border-right-color: #dddddd !important;border-right-style: solid !important;border-top-color: #dddddd !important;border-top-style: solid !important;border-bottom-color: #dddddd !important;border-bottom-style: solid !important;}&#8220; offset=&#8220;vc_hidden-lg vc_hidden-md vc_hidden-sm&#8220;][vc_icon type=&#8220;material&#8220; icon_material=&#8220;vc-material vc-material-restaurant_menu&#8220; color=&#8220;custom&#8220; background_style=&#8220;rounded-outline&#8220; background_color=&#8220;custom&#8220; align=&#8220;center&#8220; custom_background_color=&#8220;#ffc107&#8243; custom_color=&#8220;#ffc107&#8243;][vc_column_text css=&#8220;.vc_custom_1663839544010{margin-bottom: 15px !important;}&#8220;]Es umfasst eine K\u00fcche[\/vc_column_text][\/vc_column][vc_column width=&#8220;1\/6&#8243; css=&#8220;.vc_custom_1704968915638{border-top-width: 1px !important;border-right-width: 1px !important;border-bottom-width: 1px !important;border-left-width: 1px !important;padding-right: 30px !important;padding-left: 30px !important;background-color: #ffffff !important;border-left-color: #dddddd !important;border-left-style: solid !important;border-right-color: #dddddd !important;border-right-style: solid !important;border-top-color: #dddddd !important;border-top-style: solid !important;border-bottom-color: #dddddd !important;border-bottom-style: solid !important;}&#8220; offset=&#8220;vc_hidden-lg vc_hidden-md vc_hidden-sm&#8220;][vc_icon type=&#8220;material&#8220; icon_material=&#8220;vc-material vc-material-thumb_up&#8220; color=&#8220;custom&#8220; background_style=&#8220;rounded-outline&#8220; background_color=&#8220;custom&#8220; align=&#8220;center&#8220; custom_background_color=&#8220;#ffc107&#8243; custom_color=&#8220;#ffc107&#8243;][vc_column_text css=&#8220;.vc_custom_1663839571697{margin-bottom: 15px !important;}&#8220;]Garantie auf Wohnmobile[\/vc_column_text][\/vc_column][vc_column width=&#8220;1\/6&#8243; css=&#8220;.vc_custom_1704968812654{border-top-width: 1px !important;border-right-width: 1px !important;border-bottom-width: 1px !important;border-left-width: 1px !important;padding-right: 30px !important;padding-left: 30px !important;background-color: #ffffff !important;border-left-color: #dddddd !important;border-left-style: solid !important;border-right-color: #dddddd !important;border-right-style: solid !important;border-top-color: #dddddd !important;border-top-style: solid !important;border-bottom-color: #dddddd !important;border-bottom-style: solid !important;}&#8220; offset=&#8220;vc_hidden-lg vc_hidden-md vc_hidden-sm&#8220;][vc_icon type=&#8220;material&#8220; icon_material=&#8220;vc-material vc-material-local_parking&#8220; color=&#8220;custom&#8220; background_style=&#8220;rounded-outline&#8220; background_color=&#8220;custom&#8220; align=&#8220;center&#8220; custom_background_color=&#8220;#ffc107&#8243; custom_color=&#8220;#ffc107&#8243;][vc_column_text css=&#8220;.vc_custom_1663839592529{margin-bottom: 15px !important;}&#8220;]Einfaches Parken[\/vc_column_text][\/vc_column][vc_column width=&#8220;1\/6&#8243; css=&#8220;.vc_custom_1704968801978{border-top-width: 1px !important;border-right-width: 1px !important;border-bottom-width: 1px !important;border-left-width: 1px !important;padding-right: 30px !important;padding-left: 30px !important;background-color: #ffffff !important;border-left-color: #dddddd !important;border-left-style: solid !important;border-right-color: #dddddd !important;border-right-style: solid !important;border-top-color: #dddddd !important;border-top-style: solid !important;border-bottom-color: #dddddd !important;border-bottom-style: solid !important;}&#8220; offset=&#8220;vc_hidden-lg vc_hidden-md vc_hidden-sm&#8220;][vc_icon type=&#8220;material&#8220; icon_material=&#8220;vc-material vc-material-audiotrack&#8220; color=&#8220;custom&#8220; background_style=&#8220;rounded-outline&#8220; background_color=&#8220;custom&#8220; align=&#8220;center&#8220; custom_background_color=&#8220;#ffc107&#8243; custom_color=&#8220;#ffc107&#8243;][vc_column_text css=&#8220;.vc_custom_1664459050780{margin-bottom: 15px !important;}&#8220;]Schall und W\u00e4rmed\u00e4mmung[\/vc_column_text][\/vc_column][\/vc_row][vc_row full_height=&#8220;yes&#8220;][vc_column css=&#8220;.vc_custom_1704986745791{padding-top: 60px !important;padding-bottom: 0px !important;}&#8220;][vc_column_text css=&#8220;.vc_custom_1664463251054{padding-bottom: 20px !important;}&#8220;]<\/p>\n<h1 style=\"text-align: center;\">Glavan Free Galerie<\/h1>\n<p>[\/vc_column_text][vc_masonry_media_grid style=&#8220;lazy&#8220; items_per_page=&#8220;6&#8243; gap=&#8220;20&#8243; item=&#8220;151&#8243; initial_loading_animation=&#8220;none&#8220; grid_id=&#8220;vc_gid:1722351346692-6b01829d60f73572e2f8a3aba9e3fa55-3&#8243; include=&#8220;7454,7283,7293,7381,7353,7725,7758,7731,7740,7829,7832,7835,7853,7856,7656,7548,7551,7554,7683,7605,8918,8977,8980,8983,8986,9368,9365,9362,9359,9344,9356,9353,9350,9347,9324,9321,9371,9334,9331,9328&#8243;][\/vc_column][\/vc_row]<\/p>\n","protected":false},"excerpt":{"rendered":"<p>[vc_row content_placement=&#8220;bottom&#8220; css=&#8220;.vc_custom_1704986767345{margin-top: 20px !important;}&#8220;][vc_column][vc_column_text] Fahren Sie jeden Tag ins Unbekannte [\/vc_column_text][\/vc_column][\/vc_row][vc_row full_width=&#8220;stretch_row_content&#8220;][vc_column width=&#8220;1\/2&#8243;][vc_row_inner][vc_column_inner width=&#8220;1\/2&#8243;][vc_column_text] Mit den Glavan Free Wohnmobilen k\u00f6nnen Sie sorglos im Sommer und Winter erkunden, sei es auf dem Weg zur Arbeit oder im Urlaub. [\/vc_column_text][\/vc_column_inner][vc_column_inner width=&#8220;1\/2&#8243;][vc_single_image image=&#8220;8432&#8243; style=&#8220;vc_box_shadow_3d&#8220; css=&#8220;.vc_custom_1699632222213{border-radius: 10px !important;}&#8220;][\/vc_column_inner][\/vc_row_inner][\/vc_column][vc_column width=&#8220;1\/2&#8243;][vc_row_inner][vc_column_inner width=&#8220;1\/2&#8243;][vc_column_text]Mit 20 Jahren Erfahrung im Verkauf und Service von [&hellip;]<\/p>\n","protected":false},"author":1,"featured_media":0,"parent":0,"menu_order":0,"comment_status":"closed","ping_status":"closed","template":"page-blank.php","meta":{"_acf_changed":false,"footnotes":""},"class_list":["post-9002","page","type-page","status-publish","hentry"],"acf":[],"aioseo_notices":[],"_links":{"self":[{"href":"https:\/\/free.ac-glavan.si\/de\/wp-json\/wp\/v2\/pages\/9002","targetHints":{"allow":["GET"]}}],"collection":[{"href":"https:\/\/free.ac-glavan.si\/de\/wp-json\/wp\/v2\/pages"}],"about":[{"href":"https:\/\/free.ac-glavan.si\/de\/wp-json\/wp\/v2\/types\/page"}],"author":[{"embeddable":true,"href":"https:\/\/free.ac-glavan.si\/de\/wp-json\/wp\/v2\/users\/1"}],"replies":[{"embeddable":true,"href":"https:\/\/free.ac-glavan.si\/de\/wp-json\/wp\/v2\/comments?post=9002"}],"version-history":[{"count":5,"href":"https:\/\/free.ac-glavan.si\/de\/wp-json\/wp\/v2\/pages\/9002\/revisions"}],"predecessor-version":[{"id":9374,"href":"https:\/\/free.ac-glavan.si\/de\/wp-json\/wp\/v2\/pages\/9002\/revisions\/9374"}],"wp:attachment":[{"href":"https:\/\/free.ac-glavan.si\/de\/wp-json\/wp\/v2\/media?parent=9002"}],"curies":[{"name":"wp","href":"https:\/\/api.w.org\/{rel}","templated":true}]}}