{"id":8732,"date":"2022-11-10T11:29:56","date_gmt":"2022-11-10T10:29:56","guid":{"rendered":"https:\/\/free.ac-glavan.si\/prodaja\/"},"modified":"2024-09-30T16:34:11","modified_gmt":"2024-09-30T14:34:11","slug":"prodaja","status":"publish","type":"page","link":"https:\/\/free.ac-glavan.si\/de\/prodaja\/","title":{"rendered":"Verk\u00e4ufe"},"content":{"rendered":"<p>[vc_row][vc_column][vc_column_text]<\/p>\n<h1 style=\"text-align: center;\">Auf Lager<\/h1>\n<p style=\"text-align: center;\">Fahrzeuge bei uns auf Lager und verf\u00fcgbar!<\/p>\n<p>[\/vc_column_text][\/vc_column][\/vc_row][vc_row][vc_column width=&#8220;1\/2&#8243;][vc_row_inner][vc_column_inner width=&#8220;1\/2&#8243;][vc_single_image image=&#8220;9385&#8243; img_size=&#8220;600&#215;400&#8243;][\/vc_column_inner][vc_column_inner width=&#8220;1\/2&#8243;][vc_column_text]<\/p>\n<h3>Glavan Free + Quick silver<\/h3>\n<p>Neu auto<br \/>\nJahr 2024<br \/>\n<span class=\"Y2IQFc\" lang=\"de\">Automatikgetriebe<br \/>\n4 <\/span><span class=\"Y2IQFc\" lang=\"de\">Personen<\/span><\/p>\n<h2>93.034\u20ac<\/h2>\n<p>[\/vc_column_text][vc_btn title=&#8220;Mieten Sie es bei Ac-Glavan.si&#8220; style=&#8220;custom&#8220; custom_background=&#8220;#4687bf&#8220; custom_text=&#8220;#ffffff&#8220; link=&#8220;url:https%3A%2F%2Fwww.ac-glavan.si%2Favtodomi%2Fglavan-free-plus%2F|||&#8220;][\/vc_column_inner][\/vc_row_inner][\/vc_column][vc_column width=&#8220;1\/2&#8243;][vc_row_inner][vc_column_inner width=&#8220;1\/2&#8243;][vc_single_image image=&#8220;9417&#8243;][\/vc_column_inner][vc_column_inner width=&#8220;1\/2&#8243;][vc_column_text]<\/p>\n<h3>Glavan Free + Diamond Blue<\/h3>\n<p>Neu auto<br \/>\nJahr 2024<br \/>\n<span class=\"Y2IQFc\" lang=\"de\">Automatikgetriebe<br \/>\n4 <\/span><span class=\"Y2IQFc\" lang=\"de\">Personen<\/span><\/p>\n<h2>92.480\u20ac<\/h2>\n<p>[\/vc_column_text][vc_btn title=&#8220;Mieten Sie es bei Ac-Glavan.si&#8220; style=&#8220;custom&#8220; custom_background=&#8220;#1e73be&#8220; custom_text=&#8220;#ffffff&#8220; link=&#8220;url:https%3A%2F%2Fwww.ac-glavan.si%2Favtodomi%2Fglavan-free-plus-diamond-blue%2F|||&#8220;][\/vc_column_inner][\/vc_row_inner][\/vc_column][\/vc_row][vc_row][vc_column width=&#8220;1\/2&#8243;][vc_row_inner][vc_column_inner width=&#8220;1\/2&#8243;][vc_single_image image=&#8220;9222&#8243;][\/vc_column_inner][vc_column_inner width=&#8220;1\/2&#8243;][vc_column_text]<\/p>\n<h3>Glavan Free + Red<\/h3>\n<p id=\"tw-target-text\" class=\"tw-data-text tw-text-large tw-ta\" dir=\"ltr\" data-placeholder=\"Translation\" data-ved=\"2ahUKEwiX_bCygN6IAxWD7gIHHbCYHoYQ3ewLegQICBAU\" aria-label=\"Translated text: gebrauchtes Fahrzeug\"><span class=\"Y2IQFc\" lang=\"de\">Gebrauchtes Fahrzeug<br \/>\n<\/span>Jahr 2024<br \/>\n<span class=\"Y2IQFc\" lang=\"de\">Automatikgetriebe<br \/>\n4 <\/span><span class=\"Y2IQFc\" lang=\"de\">Personen<\/span><\/p>\n<h2 dir=\"ltr\" data-placeholder=\"Translation\" data-ved=\"2ahUKEwiX_bCygN6IAxWD7gIHHbCYHoYQ3ewLegQICBAU\" aria-label=\"Translated text: gebrauchtes Fahrzeug\">82.000\u20ac<\/h2>\n<p>[\/vc_column_text][vc_btn title=&#8220;Mieten Sie es bei Ac-Glavan.si&#8220; style=&#8220;custom&#8220; custom_background=&#8220;#1e73be&#8220; custom_text=&#8220;#ffffff&#8220; link=&#8220;url:https%3A%2F%2Fwww.ac-glavan.si%2Favtodomi%2Fglavan-plus-red%2F|||&#8220;][\/vc_column_inner][\/vc_row_inner][\/vc_column][vc_column width=&#8220;1\/2&#8243;][vc_row_inner][vc_column_inner width=&#8220;1\/2&#8243;][vc_single_image image=&#8220;9271&#8243;][\/vc_column_inner][vc_column_inner width=&#8220;1\/2&#8243;][vc_column_text]<\/p>\n<h3>Glavan Free + Blue<\/h3>\n<p id=\"tw-target-text\" class=\"tw-data-text tw-text-large tw-ta\" dir=\"ltr\" data-placeholder=\"Translation\" data-ved=\"2ahUKEwiX_bCygN6IAxWD7gIHHbCYHoYQ3ewLegQICBAU\" aria-label=\"Translated text: Schaltgetriebe\"><span class=\"Y2IQFc\" lang=\"de\">Gebrauchtes Fahrzeug<br \/>\nJahr 2023<br \/>\n<\/span><span class=\"Y2IQFc\" lang=\"de\">Schaltgetriebe<br \/>\n4 personen<\/span><\/p>\n<h2 dir=\"ltr\" data-placeholder=\"Translation\" data-ved=\"2ahUKEwiX_bCygN6IAxWD7gIHHbCYHoYQ3ewLegQICBAU\" aria-label=\"Translated text: Schaltgetriebe\">65.000\u20ac<\/h2>\n<p>[\/vc_column_text][vc_btn title=&#8220;Mieten Sie es bei Ac-Glavan.si&#8220; style=&#8220;custom&#8220; custom_background=&#8220;#1e73be&#8220; custom_text=&#8220;#ffffff&#8220; link=&#8220;url:https%3A%2F%2Fwww.ac-glavan.si%2Favtodomi%2Fglavan-plus-blue%2F|||&#8220;][\/vc_column_inner][\/vc_row_inner][\/vc_column][\/vc_row][vc_row][vc_column width=&#8220;1\/2&#8243;][vc_row_inner][vc_column_inner width=&#8220;1\/2&#8243;][vc_single_image image=&#8220;9268&#8243;][\/vc_column_inner][vc_column_inner width=&#8220;1\/2&#8243;][vc_column_text]<\/p>\n<h3>Glavan Free + Grey<\/h3>\n<p id=\"tw-target-text\" class=\"tw-data-text tw-text-large tw-ta\" dir=\"ltr\" data-placeholder=\"Translation\" data-ved=\"2ahUKEwiX_bCygN6IAxWD7gIHHbCYHoYQ3ewLegQICBAU\" aria-label=\"Translated text: Schaltgetriebe\"><span class=\"Y2IQFc\" lang=\"de\">Gebrauchtes Fahrzeug<br \/>\nJahr 2023<br \/>\n<\/span><span class=\"Y2IQFc\" lang=\"de\">Schaltgetriebe<br \/>\n4 personen<\/span><\/p>\n<h2 dir=\"ltr\" data-placeholder=\"Translation\" data-ved=\"2ahUKEwiX_bCygN6IAxWD7gIHHbCYHoYQ3ewLegQICBAU\" aria-label=\"Translated text: Schaltgetriebe\">64.000\u20ac<\/h2>\n<p>[\/vc_column_text][vc_btn title=&#8220;Mieten Sie es bei Ac-Glavan.si&#8220; style=&#8220;custom&#8220; custom_background=&#8220;#1e73be&#8220; custom_text=&#8220;#ffffff&#8220; link=&#8220;url:https%3A%2F%2Fwww.ac-glavan.si%2Favtodomi%2Fglavan-plus-grey%2F|||&#8220;][\/vc_column_inner][\/vc_row_inner][\/vc_column][vc_column width=&#8220;1\/2&#8243;][vc_row_inner][vc_column_inner width=&#8220;1\/2&#8243;][vc_single_image image=&#8220;9277&#8243;][\/vc_column_inner][vc_column_inner width=&#8220;1\/2&#8243;][vc_column_text]<\/p>\n<h3>Glavan Free + Yellow<\/h3>\n<p id=\"tw-target-text\" class=\"tw-data-text tw-text-large tw-ta\" dir=\"ltr\" data-placeholder=\"Translation\" data-ved=\"2ahUKEwiX_bCygN6IAxWD7gIHHbCYHoYQ3ewLegQICBAU\" aria-label=\"Translated text: Schaltgetriebe\"><span class=\"Y2IQFc\" lang=\"de\">Gebrauchtes Fahrzeug<br \/>\nJahr 2022<br \/>\n<\/span><span class=\"Y2IQFc\" lang=\"de\">Schaltgetriebe<br \/>\n4 personen<\/span><\/p>\n<h2 dir=\"ltr\" data-placeholder=\"Translation\" data-ved=\"2ahUKEwiX_bCygN6IAxWD7gIHHbCYHoYQ3ewLegQICBAU\" aria-label=\"Translated text: Schaltgetriebe\">62.000\u20ac<\/h2>\n<p>[\/vc_column_text][vc_btn title=&#8220;Mieten Sie es bei Ac-Glavan.si&#8220; style=&#8220;custom&#8220; custom_background=&#8220;#1e73be&#8220; custom_text=&#8220;#ffffff&#8220; link=&#8220;url:https%3A%2F%2Fwww.ac-glavan.si%2Favtodomi%2Fglavan-plus-yellow%2F|||&#8220;][\/vc_column_inner][\/vc_row_inner][\/vc_column][\/vc_row][vc_row][vc_column][vc_separator][\/vc_column][\/vc_row][vc_row][vc_column][vc_column_text]<\/p>\n<h1 style=\"text-align: center;\">Im Aufbau<\/h1>\n<p style=\"text-align: center;\">Fahrzeuge im Bau: jegliches Zubeh\u00f6r kann hinzugef\u00fcgt werden!<\/p>\n<p>[\/vc_column_text][\/vc_column][\/vc_row][vc_row][vc_column][vc_separator][\/vc_column][\/vc_row][vc_row][vc_column][vc_column_text]<\/p>\n<h1 style=\"text-align: center;\">Vorbestellungen<\/h1>\n<p style=\"text-align: center;\">Konfigurieren Sie Ihr Fahrzeug, jede zus\u00e4tzliche und serienm\u00e4\u00dfige Fahrzeugausstattung oder Modifikationen sind m\u00f6glich!<\/p>\n<p>[\/vc_column_text][vc_btn title=&#8220;Kontaktiere uns&#8220; style=&#8220;flat&#8220; color=&#8220;primary&#8220; size=&#8220;lg&#8220; align=&#8220;center&#8220; link=&#8220;url:https%3A%2F%2Ffree.ac-glavan.si%2Fde%2Fkontakt%2F|&#8220;][\/vc_column][\/vc_row][vc_row][vc_column width=&#8220;1\/2&#8243;][vc_row_inner][vc_column_inner width=&#8220;1\/2&#8243;][\/vc_column_inner][vc_column_inner width=&#8220;1\/2&#8243;][\/vc_column_inner][\/vc_row_inner][\/vc_column][vc_column width=&#8220;1\/2&#8243;][vc_row_inner][vc_column_inner width=&#8220;1\/2&#8243;][\/vc_column_inner][vc_column_inner width=&#8220;1\/2&#8243;][\/vc_column_inner][\/vc_row_inner][\/vc_column][\/vc_row][vc_row][vc_column][vc_separator][\/vc_column][\/vc_row][vc_row][vc_column][vc_column_text]<\/p>\n<h1 style=\"text-align: center;\">Farbpalette<\/h1>\n<p>[\/vc_column_text][\/vc_column][\/vc_row][vc_row][vc_column][vc_masonry_media_grid grid_id=&#8220;vc_gid:1727706668535-e4f20d000ff0e1a9e1340cfce04446ee-0&#8243; include=&#8220;8168,8171,8174,8177,8180,8183,7776,9281,9284,9287,9290,9293,9296,9299,9338&#8243;][\/vc_column][\/vc_row]<\/p>\n","protected":false},"excerpt":{"rendered":"<p>[vc_row][vc_column][vc_column_text] Auf Lager Fahrzeuge bei uns auf Lager und verf\u00fcgbar! [\/vc_column_text][\/vc_column][\/vc_row][vc_row][vc_column width=&#8220;1\/2&#8243;][vc_row_inner][vc_column_inner width=&#8220;1\/2&#8243;][vc_single_image image=&#8220;9385&#8243; img_size=&#8220;600&#215;400&#8243;][\/vc_column_inner][vc_column_inner width=&#8220;1\/2&#8243;][vc_column_text] Glavan Free + Quick silver Neu auto Jahr 2024 Automatikgetriebe 4 Personen 93.034\u20ac [\/vc_column_text][vc_btn title=&#8220;Mieten Sie es bei Ac-Glavan.si&#8220; style=&#8220;custom&#8220; custom_background=&#8220;#4687bf&#8220; custom_text=&#8220;#ffffff&#8220; link=&#8220;url:https%3A%2F%2Fwww.ac-glavan.si%2Favtodomi%2Fglavan-free-plus%2F|||&#8220;][\/vc_column_inner][\/vc_row_inner][\/vc_column][vc_column width=&#8220;1\/2&#8243;][vc_row_inner][vc_column_inner width=&#8220;1\/2&#8243;][vc_single_image image=&#8220;9417&#8243;][\/vc_column_inner][vc_column_inner width=&#8220;1\/2&#8243;][vc_column_text] Glavan Free + Diamond Blue Neu auto Jahr 2024 Automatikgetriebe 4 Personen [&hellip;]<\/p>\n","protected":false},"author":1,"featured_media":0,"parent":0,"menu_order":0,"comment_status":"closed","ping_status":"closed","template":"","meta":{"_acf_changed":false,"footnotes":""},"class_list":["post-8732","page","type-page","status-publish","hentry"],"acf":[],"aioseo_notices":[],"_links":{"self":[{"href":"https:\/\/free.ac-glavan.si\/de\/wp-json\/wp\/v2\/pages\/8732","targetHints":{"allow":["GET"]}}],"collection":[{"href":"https:\/\/free.ac-glavan.si\/de\/wp-json\/wp\/v2\/pages"}],"about":[{"href":"https:\/\/free.ac-glavan.si\/de\/wp-json\/wp\/v2\/types\/page"}],"author":[{"embeddable":true,"href":"https:\/\/free.ac-glavan.si\/de\/wp-json\/wp\/v2\/users\/1"}],"replies":[{"embeddable":true,"href":"https:\/\/free.ac-glavan.si\/de\/wp-json\/wp\/v2\/comments?post=8732"}],"version-history":[{"count":5,"href":"https:\/\/free.ac-glavan.si\/de\/wp-json\/wp\/v2\/pages\/8732\/revisions"}],"predecessor-version":[{"id":9497,"href":"https:\/\/free.ac-glavan.si\/de\/wp-json\/wp\/v2\/pages\/8732\/revisions\/9497"}],"wp:attachment":[{"href":"https:\/\/free.ac-glavan.si\/de\/wp-json\/wp\/v2\/media?parent=8732"}],"curies":[{"name":"wp","href":"https:\/\/api.w.org\/{rel}","templated":true}]}}