{"id":8729,"date":"2024-01-11T16:21:09","date_gmt":"2024-01-11T15:21:09","guid":{"rendered":"https:\/\/free.ac-glavan.si\/glavan-free-plus\/"},"modified":"2024-05-29T18:27:45","modified_gmt":"2024-05-29T16:27:45","slug":"glavan-free-plus","status":"publish","type":"page","link":"https:\/\/free.ac-glavan.si\/de\/glavan-free-plus\/","title":{"rendered":"Glavan Free Plus"},"content":{"rendered":"<p>[vc_row full_width=&#8220;stretch_row&#8220; equal_height=&#8220;yes&#8220; content_placement=&#8220;middle&#8220; css=&#8220;.vc_custom_1704985789999{padding-top: 40px !important;padding-bottom: 40px !important;background: #f7f7f7 url(https:\/\/free.ac-glavan.si\/wp-content\/uploads\/2022\/09\/20220304_190921-scaled.jpg?id=7489) !important;background-position: center !important;background-repeat: no-repeat !important;background-size: cover !important;}&#8220;][vc_column css=&#8220;.vc_custom_1704978976546{background-color: rgba(10,10,10,0.22) !important;background-position: center !important;background-repeat: no-repeat !important;background-size: cover !important;*background-color: rgb(10,10,10) !important;}&#8220;][vc_column_text]<\/p>\n<h1 style=\"text-align: center;\"><span style=\"color: #ffffff;\">GLAVAN FREE PLUS<\/span><\/h1>\n<p>&nbsp;<\/p>\n<p style=\"text-align: center;\"><span style=\"color: #ffffff;\"><strong>Nehmen Sie Trost mit!<\/strong><\/span><\/p>\n<p>&nbsp;[\/vc_column_text][\/vc_column][\/vc_row][vc_row equal_height=&#8220;yes&#8220; content_placement=&#8220;middle&#8220; css=&#8220;.vc_custom_1704980360872{padding-top: 50px !important;background-color: #f7f7f7 !important;}&#8220;][vc_column width=&#8220;1\/2&#8243;][vc_column_text]<\/p>\n<h2 style=\"text-align: left; line-height: 1;\">Seien Sie \u00fcberall frei und unabh\u00e4ngig.<\/h2>\n<p style=\"text-align: left;\">Glavan Free Plus ist f\u00fcr jeden Tag und zu jeder Jahreszeit gedacht.<br \/>\nIdeal f\u00fcr Pendler, Wochenendausfl\u00fcge oder monatliche Reisen.<br \/>\nUnabh\u00e4ngig im wahrsten Sinne des Wortes, alles, was Sie brauchen, immer zur Hand.[\/vc_column_text][\/vc_column][vc_column width=&#8220;1\/2&#8243;][vc_single_image image=&#8220;8417&#8243; alignment=&#8220;center&#8220; style=&#8220;vc_box_shadow_3d&#8220;][\/vc_column][\/vc_row][vc_row equal_height=&#8220;yes&#8220; content_placement=&#8220;middle&#8220; css=&#8220;.vc_custom_1704978947742{background-color: #f7f7f7 !important;}&#8220;][vc_column width=&#8220;1\/2&#8243; offset=&#8220;vc_hidden-xs&#8220;][vc_single_image image=&#8220;7943&#8243; alignment=&#8220;center&#8220; style=&#8220;vc_box_shadow_3d&#8220;][\/vc_column][vc_column width=&#8220;1\/2&#8243;][vc_column_text]<\/p>\n<h2 style=\"text-align: left; line-height: 1;\">Unabh\u00e4ngigkeit<\/h2>\n<p>In der K\u00fcche gibt es eine Induktionsplatte, die mit Strom betrieben wird, der aus Solarzellen oder einem laufenden Motor gewonnen wird.<\/p>\n<p>In diesem Traveller ben\u00f6tigen Sie kein Benzin, da die Heizung mit Diesel betrieben wird, den Sie auch zum Fahren ben\u00f6tigen.[\/vc_column_text][\/vc_column][\/vc_row][vc_row equal_height=&#8220;yes&#8220; content_placement=&#8220;middle&#8220; css=&#8220;.vc_custom_1704978947742{background-color: #f7f7f7 !important;}&#8220;][vc_column offset=&#8220;vc_hidden-lg vc_hidden-md vc_hidden-sm&#8220;][vc_single_image image=&#8220;7943&#8243; alignment=&#8220;center&#8220; style=&#8220;vc_box_shadow_3d&#8220;][\/vc_column][\/vc_row][vc_row equal_height=&#8220;yes&#8220; content_placement=&#8220;middle&#8220; css=&#8220;.vc_custom_1704978947742{background-color: #f7f7f7 !important;}&#8220;][vc_column width=&#8220;1\/2&#8243;][vc_column_text]<\/p>\n<h2 style=\"text-align: left; line-height: 1;\">Top-Ausstattung<\/h2>\n<ul>\n<li>Die Bank l\u00e4sst sich zu einem 125 x 190 breiten Bett zusammenklappen<\/li>\n<li>Sie haben immer 70 l Frischwasser zur Verf\u00fcgung<\/li>\n<li>Zweizonen-Induktionsherd<\/li>\n<li>Kompressor-K\u00fchlschrank 42l<\/li>\n<li>Dieselheizung 3,0 KW mit Zusatzbatterie<\/li>\n<li>Schall- und W\u00e4rmed\u00e4mmung von W\u00e4nden und B\u00f6den<\/li>\n<li>LED-Leuchten<\/li>\n<li>Eine gro\u00dfe Auswahl an Zusatzausstattungen, damit Sie wirklich alles haben, was Sie wollen.<\/li>\n<\/ul>\n<p>[\/vc_column_text][\/vc_column][vc_column width=&#8220;1\/2&#8243;][vc_single_image image=&#8220;8442&#8243; alignment=&#8220;center&#8220; style=&#8220;vc_box_shadow_3d&#8220;][\/vc_column][\/vc_row][vc_row full_width=&#8220;stretch_row_content_no_spaces&#8220; equal_height=&#8220;yes&#8220; content_placement=&#8220;middle&#8220;][vc_column css=&#8220;.vc_custom_1704980665413{background-position: center !important;background-repeat: no-repeat !important;background-size: cover !important;}&#8220;][vc_btn title=&#8220;Konfigurieren Sie Ihr Glavan Free Plus!&#8220; style=&#8220;custom&#8220; custom_background=&#8220;#0073c6&#8243; custom_text=&#8220;#ffffff&#8220; shape=&#8220;square&#8220; size=&#8220;lg&#8220; align=&#8220;center&#8220; link=&#8220;url:https%3A%2F%2Ffree.ac-glavan.si%2Fde%2Fconfigurator%2F|title:Konfigurator||&#8220;][\/vc_column][\/vc_row][vc_row full_width=&#8220;stretch_row&#8220; parallax=&#8220;content-moving&#8220; parallax_image=&#8220;312&#8243; css=&#8220;.vc_custom_1654090140857{background-color: #232323 !important;}&#8220;][vc_column][vc_empty_space height=&#8220;20px&#8220;][vc_column_text css=&#8220;.vc_custom_1704987206385{padding-bottom: 20px !important;}&#8220;]<\/p>\n<h2 style=\"text-align: center; color: #ffffff;\">Schau es dir an!<\/h2>\n<p>[\/vc_column_text][vc_column_text css=&#8220;.vc_custom_1704986394697{margin-top: 30px !important;margin-right: 20px !important;margin-bottom: 70px !important;margin-left: 20px !important;}&#8220;]<\/p>\n<p style=\"text-align: center;\"><iframe class=\"lazyload\" data-src=\"https:\/\/AC-GLAVAN-D-O-O.vr-360-tour.com\/e\/PNcBhKkQz8M\/e\" width=\"640\" height=\"390\" allowfullscreen=\"allowfullscreen\"><\/iframe><\/p>\n<p>[\/vc_column_text][\/vc_column][\/vc_row][vc_row][vc_column offset=&#8220;vc_hidden-lg vc_hidden-md vc_hidden-sm&#8220;][vc_single_image image=&#8220;8429&#8243; alignment=&#8220;center&#8220; style=&#8220;vc_box_shadow_3d&#8220;][\/vc_column][\/vc_row][vc_row full_width=&#8220;stretch_row_content_no_spaces&#8220; equal_height=&#8220;yes&#8220; content_placement=&#8220;middle&#8220; css=&#8220;.vc_custom_1552674349928{background-color: #f7f7f7 !important;}&#8220;][vc_column width=&#8220;1\/2&#8243; css=&#8220;.vc_custom_1704980888459{padding: 20px !important;}&#8220;][vc_column_text]<\/p>\n<h2 style=\"text-align: left; line-height: 1;\">Seien Sie frei und unabh\u00e4ngig, wo immer Sie sind.<\/h2>\n<p style=\"text-align: left;\">Das Fahrzeug Glavan Free ist sowohl f\u00fcr den t\u00e4glichen Gebrauch als auch f\u00fcr die Freizeitgestaltung zu jeder Jahreszeit gedacht.<\/p>\n<p style=\"text-align: left;\">Glavan Free ist ein Fahrzeug, bei dem die Gr\u00f6\u00dfe kein Hindernis und die geringe Gr\u00f6\u00dfe auch kein Nachteil darstellt. Sie haben immer alles dabei, was andere Wohnmobile haben, sind aber aufgrund der Gr\u00f6\u00dfe sowohl in der Stadt als auch in der Natur deutlich flexibler.<\/p>\n<p>[\/vc_column_text][vc_btn title=&#8220;Siehe auch das Glavan Free Modell&#8220; style=&#8220;custom&#8220; custom_background=&#8220;#0073c6&#8243; custom_text=&#8220;#ffffff&#8220; shape=&#8220;square&#8220; link=&#8220;url:https%3A%2F%2Ffree.ac-glavan.si%2Fde%2Fglavan-free%2F|title:Glavan%20Plus|&#8220;][\/vc_column][vc_column width=&#8220;1\/2&#8243; css=&#8220;.vc_custom_1704986445151{margin-top: 20px !important;margin-right: 20px !important;margin-bottom: 20px !important;margin-left: 20px !important;background-image: url(https:\/\/free.ac-glavan.si\/wp-content\/uploads\/2023\/11\/G8-scaled.jpg?id=8427) !important;background-position: center !important;background-repeat: no-repeat !important;background-size: contain !important;}&#8220; offset=&#8220;vc_hidden-xs&#8220;][vc_empty_space height=&#8220;400px&#8220; css=&#8220;.vc_custom_1704980857117{background-position: center !important;background-repeat: no-repeat !important;background-size: contain !important;}&#8220;][\/vc_column][\/vc_row]<\/p>\n","protected":false},"excerpt":{"rendered":"<p>[vc_row full_width=&#8220;stretch_row&#8220; equal_height=&#8220;yes&#8220; content_placement=&#8220;middle&#8220; css=&#8220;.vc_custom_1704985789999{padding-top: 40px !important;padding-bottom: 40px !important;background: #f7f7f7 url(https:\/\/free.ac-glavan.si\/wp-content\/uploads\/2022\/09\/20220304_190921-scaled.jpg?id=7489) !important;background-position: center !important;background-repeat: no-repeat !important;background-size: cover !important;}&#8220;][vc_column css=&#8220;.vc_custom_1704978976546{background-color: rgba(10,10,10,0.22) !important;background-position: center !important;background-repeat: no-repeat !important;background-size: cover !important;*background-color: rgb(10,10,10) !important;}&#8220;][vc_column_text] GLAVAN FREE PLUS &nbsp; Nehmen Sie Trost mit! &nbsp;[\/vc_column_text][\/vc_column][\/vc_row][vc_row equal_height=&#8220;yes&#8220; content_placement=&#8220;middle&#8220; css=&#8220;.vc_custom_1704980360872{padding-top: 50px !important;background-color: #f7f7f7 !important;}&#8220;][vc_column width=&#8220;1\/2&#8243;][vc_column_text] Seien Sie \u00fcberall frei und unabh\u00e4ngig. Glavan Free Plus [&hellip;]<\/p>\n","protected":false},"author":3,"featured_media":0,"parent":0,"menu_order":0,"comment_status":"closed","ping_status":"closed","template":"","meta":{"_acf_changed":false,"footnotes":""},"class_list":["post-8729","page","type-page","status-publish","hentry"],"acf":[],"aioseo_notices":[],"_links":{"self":[{"href":"https:\/\/free.ac-glavan.si\/de\/wp-json\/wp\/v2\/pages\/8729","targetHints":{"allow":["GET"]}}],"collection":[{"href":"https:\/\/free.ac-glavan.si\/de\/wp-json\/wp\/v2\/pages"}],"about":[{"href":"https:\/\/free.ac-glavan.si\/de\/wp-json\/wp\/v2\/types\/page"}],"author":[{"embeddable":true,"href":"https:\/\/free.ac-glavan.si\/de\/wp-json\/wp\/v2\/users\/3"}],"replies":[{"embeddable":true,"href":"https:\/\/free.ac-glavan.si\/de\/wp-json\/wp\/v2\/comments?post=8729"}],"version-history":[{"count":5,"href":"https:\/\/free.ac-glavan.si\/de\/wp-json\/wp\/v2\/pages\/8729\/revisions"}],"predecessor-version":[{"id":9214,"href":"https:\/\/free.ac-glavan.si\/de\/wp-json\/wp\/v2\/pages\/8729\/revisions\/9214"}],"wp:attachment":[{"href":"https:\/\/free.ac-glavan.si\/de\/wp-json\/wp\/v2\/media?parent=8729"}],"curies":[{"name":"wp","href":"https:\/\/api.w.org\/{rel}","templated":true}]}}